{"id":152,"date":"2020-11-24T20:46:12","date_gmt":"2020-11-24T20:46:12","guid":{"rendered":"https:\/\/www.cirexa.com\/pt\/?page_id=152"},"modified":"2021-09-27T22:23:38","modified_gmt":"2021-09-27T22:23:38","slug":"proceso","status":"publish","type":"page","link":"https:\/\/www.cirexa.com\/pt\/proceso\/","title":{"rendered":"Processo"},"content":{"rendered":"\t\t<div data-elementor-type=\"wp-page\" data-elementor-id=\"152\" class=\"elementor elementor-152\" data-elementor-post-type=\"page\">\n\t\t\t\t\t\t<section class=\"elementor-section elementor-top-section elementor-element elementor-element-b04ffb6 elementor-section-height-min-height elementor-section-boxed elementor-section-height-default elementor-section-items-middle elementor-invisible\" data-id=\"b04ffb6\" data-element_type=\"section\" data-settings=\"{&quot;animation&quot;:&quot;fadeIn&quot;}\">\n\t\t\t\t\t\t\t<div class=\"elementor-background-overlay\"><\/div>\n\t\t\t\t\t\t\t<div class=\"elementor-container elementor-column-gap-default\">\n\t\t\t\t\t<div class=\"elementor-column elementor-col-50 elementor-top-column elementor-element elementor-element-47e841a5\" data-id=\"47e841a5\" data-element_type=\"column\">\n\t\t\t<div class=\"elementor-widget-wrap\">\n\t\t\t\t\t\t\t<\/div>\n\t\t<\/div>\n\t\t\t\t<div class=\"elementor-column elementor-col-50 elementor-top-column elementor-element elementor-element-659910ac\" data-id=\"659910ac\" data-element_type=\"column\">\n\t\t\t<div class=\"elementor-widget-wrap elementor-element-populated\">\n\t\t\t\t\t\t<div class=\"elementor-element elementor-element-556541ba elementor-widget elementor-widget-image\" data-id=\"556541ba\" data-element_type=\"widget\" data-widget_type=\"image.default\">\n\t\t\t\t<div class=\"elementor-widget-container\">\n\t\t\t\t\t\t\t\t\t\t\t\t\t\t\t<img fetchpriority=\"high\" decoding=\"async\" width=\"520\" height=\"267\" src=\"https:\/\/www.cirexa.com\/pt\/wp-content\/uploads\/2020\/11\/logo-cirexa-blanco-min.png\" class=\"attachment-large size-large wp-image-323\" alt=\"\" srcset=\"https:\/\/www.cirexa.com\/pt\/wp-content\/uploads\/2020\/11\/logo-cirexa-blanco-min.png 520w, https:\/\/www.cirexa.com\/pt\/wp-content\/uploads\/2020\/11\/logo-cirexa-blanco-min-300x154.png 300w\" sizes=\"(max-width: 520px) 100vw, 520px\" \/>\t\t\t\t\t\t\t\t\t\t\t\t\t\t\t<\/div>\n\t\t\t\t<\/div>\n\t\t\t\t<div class=\"elementor-element elementor-element-18d9ac0e elementor-widget elementor-widget-heading\" data-id=\"18d9ac0e\" data-element_type=\"widget\" data-widget_type=\"heading.default\">\n\t\t\t\t<div class=\"elementor-widget-container\">\n\t\t\t\t\t<h2 class=\"elementor-heading-title elementor-size-default\"><span style=\"background-color:#852c45;padding: 0px 5px\">Ameixas Secas<\/span> <\/h2>\t\t\t\t<\/div>\n\t\t\t\t<\/div>\n\t\t\t\t<div class=\"elementor-element elementor-element-3da6a56a elementor-widget elementor-widget-heading\" data-id=\"3da6a56a\" data-element_type=\"widget\" data-widget_type=\"heading.default\">\n\t\t\t\t<div class=\"elementor-widget-container\">\n\t\t\t\t\t<h2 class=\"elementor-heading-title elementor-size-default\"><span style=\"background-color:#3a6535;padding: 0px 5px\">Produto com alto padr\u00e3o de qualidade<\/span> <\/h2>\t\t\t\t<\/div>\n\t\t\t\t<\/div>\n\t\t\t\t\t<\/div>\n\t\t<\/div>\n\t\t\t\t\t<\/div>\n\t\t<\/section>\n\t\t\t\t<section class=\"elementor-section elementor-top-section elementor-element elementor-element-2f4861e elementor-hidden-desktop elementor-hidden-tablet elementor-section-boxed elementor-section-height-default elementor-section-height-default elementor-invisible\" data-id=\"2f4861e\" data-element_type=\"section\" data-settings=\"{&quot;animation&quot;:&quot;fadeIn&quot;}\">\n\t\t\t\t\t\t<div class=\"elementor-container elementor-column-gap-default\">\n\t\t\t\t\t<div class=\"elementor-column elementor-col-100 elementor-top-column elementor-element elementor-element-704c808\" data-id=\"704c808\" data-element_type=\"column\">\n\t\t\t<div class=\"elementor-widget-wrap elementor-element-populated\">\n\t\t\t\t\t\t<div class=\"elementor-element elementor-element-2489b0f elementor-widget elementor-widget-image\" data-id=\"2489b0f\" data-element_type=\"widget\" data-widget_type=\"image.default\">\n\t\t\t\t<div class=\"elementor-widget-container\">\n\t\t\t\t\t\t\t\t\t\t\t\t\t\t\t<img decoding=\"async\" width=\"571\" height=\"503\" src=\"https:\/\/www.cirexa.com\/pt\/wp-content\/uploads\/2021\/09\/flores-ciruela-cirexa-2.jpg\" class=\"attachment-large size-large wp-image-1154\" alt=\"\" srcset=\"https:\/\/www.cirexa.com\/pt\/wp-content\/uploads\/2021\/09\/flores-ciruela-cirexa-2.jpg 571w, https:\/\/www.cirexa.com\/pt\/wp-content\/uploads\/2021\/09\/flores-ciruela-cirexa-2-300x264.jpg 300w\" sizes=\"(max-width: 571px) 100vw, 571px\" \/>\t\t\t\t\t\t\t\t\t\t\t\t\t\t\t<\/div>\n\t\t\t\t<\/div>\n\t\t\t\t\t<\/div>\n\t\t<\/div>\n\t\t\t\t\t<\/div>\n\t\t<\/section>\n\t\t\t\t<section class=\"elementor-section elementor-top-section elementor-element elementor-element-62bb7eb elementor-section-content-middle elementor-section-boxed elementor-section-height-default elementor-section-height-default elementor-invisible\" data-id=\"62bb7eb\" data-element_type=\"section\" data-settings=\"{&quot;animation&quot;:&quot;fadeIn&quot;}\">\n\t\t\t\t\t\t<div class=\"elementor-container elementor-column-gap-default\">\n\t\t\t\t\t<div class=\"elementor-column elementor-col-33 elementor-top-column elementor-element elementor-element-880df39 elementor-hidden-phone\" data-id=\"880df39\" data-element_type=\"column\">\n\t\t\t<div class=\"elementor-widget-wrap elementor-element-populated\">\n\t\t\t\t\t\t<div class=\"elementor-element elementor-element-6b020e1 elementor-widget elementor-widget-image\" data-id=\"6b020e1\" data-element_type=\"widget\" data-settings=\"{&quot;_animation&quot;:&quot;none&quot;}\" data-widget_type=\"image.default\">\n\t\t\t\t<div class=\"elementor-widget-container\">\n\t\t\t\t\t\t\t\t\t\t\t\t\t\t\t<img decoding=\"async\" width=\"571\" height=\"688\" src=\"https:\/\/www.cirexa.com\/pt\/wp-content\/uploads\/2021\/09\/flores-ciruela-cirexa.jpg\" class=\"attachment-large size-large wp-image-1153\" alt=\"\" srcset=\"https:\/\/www.cirexa.com\/pt\/wp-content\/uploads\/2021\/09\/flores-ciruela-cirexa.jpg 571w, https:\/\/www.cirexa.com\/pt\/wp-content\/uploads\/2021\/09\/flores-ciruela-cirexa-249x300.jpg 249w\" sizes=\"(max-width: 571px) 100vw, 571px\" \/>\t\t\t\t\t\t\t\t\t\t\t\t\t\t\t<\/div>\n\t\t\t\t<\/div>\n\t\t\t\t\t<\/div>\n\t\t<\/div>\n\t\t\t\t<div class=\"elementor-column elementor-col-66 elementor-top-column elementor-element elementor-element-1a1971e\" data-id=\"1a1971e\" data-element_type=\"column\">\n\t\t\t<div class=\"elementor-widget-wrap elementor-element-populated\">\n\t\t\t\t\t\t<div class=\"elementor-element elementor-element-9036c4c elementor-widget elementor-widget-heading\" data-id=\"9036c4c\" data-element_type=\"widget\" data-widget_type=\"heading.default\">\n\t\t\t\t<div class=\"elementor-widget-container\">\n\t\t\t\t\t<h2 class=\"elementor-heading-title elementor-size-default\">PRODU\u00c7\u00c3O<\/h2>\t\t\t\t<\/div>\n\t\t\t\t<\/div>\n\t\t\t\t<div class=\"elementor-element elementor-element-37a0a59 elementor-widget elementor-widget-text-editor\" data-id=\"37a0a59\" data-element_type=\"widget\" data-widget_type=\"text-editor.default\">\n\t\t\t\t<div class=\"elementor-widget-container\">\n\t\t\t\t\t\t\t\t\t<p>O trabalho da terra \u00e9 uma tarefa que leva tempo e dedica\u00e7\u00e3o durante o ano todo. No m\u00eas de Setembro come\u00e7a a flora\u00e7\u00e3o das ameixas, transformando a horta numa aromatizada e perfumada coberta branca. Nesta etapa come\u00e7a a irriga\u00e7\u00e3o e fertiliza\u00e7\u00e3o dos cultivos para alcan\u00e7ar o desenvolvimento de frutos de qualidade.<\/p>\t\t\t\t\t\t\t\t<\/div>\n\t\t\t\t<\/div>\n\t\t\t\t<div class=\"elementor-element elementor-element-0779033 elementor-widget elementor-widget-heading\" data-id=\"0779033\" data-element_type=\"widget\" data-widget_type=\"heading.default\">\n\t\t\t\t<div class=\"elementor-widget-container\">\n\t\t\t\t\t<h2 class=\"elementor-heading-title elementor-size-default\">COLHEITA<\/h2>\t\t\t\t<\/div>\n\t\t\t\t<\/div>\n\t\t\t\t<div class=\"elementor-element elementor-element-c1b56f8 elementor-widget elementor-widget-text-editor\" data-id=\"c1b56f8\" data-element_type=\"widget\" data-widget_type=\"text-editor.default\">\n\t\t\t\t<div class=\"elementor-widget-container\">\n\t\t\t\t\t\t\t\t\t<p>A meados do m\u00eas de Fevereiro quando o a\u00e7\u00facar da fruta e sua firmeza o determinam, come\u00e7a a colheita dos cultivos, tarefa que leva cerca de 25 dias.<\/p>\t\t\t\t\t\t\t\t<\/div>\n\t\t\t\t<\/div>\n\t\t\t\t<div class=\"elementor-element elementor-element-dcd50dd elementor-widget elementor-widget-heading\" data-id=\"dcd50dd\" data-element_type=\"widget\" data-widget_type=\"heading.default\">\n\t\t\t\t<div class=\"elementor-widget-container\">\n\t\t\t\t\t<h2 class=\"elementor-heading-title elementor-size-default\">Calendario de Colheita<\/h2>\t\t\t\t<\/div>\n\t\t\t\t<\/div>\n\t\t\t\t<div class=\"elementor-element elementor-element-bb48e77 elementor-widget elementor-widget-text-editor\" data-id=\"bb48e77\" data-element_type=\"widget\" data-widget_type=\"text-editor.default\">\n\t\t\t\t<div class=\"elementor-widget-container\">\n\t\t\t\t\t\t\t\t\t<p>\u00a0Flora\u00e7\u00e3o: Septembro<\/p><p>M\u00eas: Febrero<\/p><p>Dias: Entre 25 e 30 aproximadamente.<\/p>\t\t\t\t\t\t\t\t<\/div>\n\t\t\t\t<\/div>\n\t\t\t\t\t<\/div>\n\t\t<\/div>\n\t\t\t\t\t<\/div>\n\t\t<\/section>\n\t\t\t\t<section class=\"elementor-section elementor-top-section elementor-element elementor-element-6ccad14 elementor-section-full_width elementor-section-height-default elementor-section-height-default elementor-invisible\" data-id=\"6ccad14\" data-element_type=\"section\" data-settings=\"{&quot;animation&quot;:&quot;fadeInRight&quot;}\">\n\t\t\t\t\t\t<div class=\"elementor-container elementor-column-gap-no\">\n\t\t\t\t\t<div class=\"elementor-column elementor-col-100 elementor-top-column elementor-element elementor-element-0c7e52e\" data-id=\"0c7e52e\" data-element_type=\"column\">\n\t\t\t<div class=\"elementor-widget-wrap elementor-element-populated\">\n\t\t\t\t\t\t<div class=\"elementor-element elementor-element-d083b76 elementor-widget elementor-widget-image\" data-id=\"d083b76\" data-element_type=\"widget\" data-widget_type=\"image.default\">\n\t\t\t\t<div class=\"elementor-widget-container\">\n\t\t\t\t\t\t\t\t\t\t\t\t\t\t\t<img loading=\"lazy\" decoding=\"async\" width=\"280\" height=\"73\" src=\"https:\/\/www.cirexa.com\/pt\/wp-content\/uploads\/2020\/11\/lineas-verdes.png\" class=\"attachment-large size-large wp-image-555\" alt=\"\" \/>\t\t\t\t\t\t\t\t\t\t\t\t\t\t\t<\/div>\n\t\t\t\t<\/div>\n\t\t\t\t\t<\/div>\n\t\t<\/div>\n\t\t\t\t\t<\/div>\n\t\t<\/section>\n\t\t\t\t<section class=\"elementor-section elementor-top-section elementor-element elementor-element-f7e0866 elementor-section-content-middle elementor-hidden-desktop elementor-section-boxed elementor-section-height-default elementor-section-height-default elementor-invisible\" data-id=\"f7e0866\" data-element_type=\"section\" data-settings=\"{&quot;animation&quot;:&quot;fadeIn&quot;}\">\n\t\t\t\t\t\t<div class=\"elementor-container elementor-column-gap-default\">\n\t\t\t\t\t<div class=\"elementor-column elementor-col-50 elementor-top-column elementor-element elementor-element-8b7ec84\" data-id=\"8b7ec84\" data-element_type=\"column\">\n\t\t\t<div class=\"elementor-widget-wrap elementor-element-populated\">\n\t\t\t\t\t\t<div class=\"elementor-element elementor-element-0c7fd87 elementor-widget elementor-widget-image\" data-id=\"0c7fd87\" data-element_type=\"widget\" data-widget_type=\"image.default\">\n\t\t\t\t<div class=\"elementor-widget-container\">\n\t\t\t\t\t\t\t\t\t\t\t\t\t\t\t<img loading=\"lazy\" decoding=\"async\" width=\"536\" height=\"378\" src=\"https:\/\/www.cirexa.com\/pt\/wp-content\/uploads\/2021\/09\/empresa-img-1.jpg\" class=\"attachment-large size-large wp-image-1192\" alt=\"\" srcset=\"https:\/\/www.cirexa.com\/pt\/wp-content\/uploads\/2021\/09\/empresa-img-1.jpg 536w, https:\/\/www.cirexa.com\/pt\/wp-content\/uploads\/2021\/09\/empresa-img-1-300x212.jpg 300w\" sizes=\"(max-width: 536px) 100vw, 536px\" \/>\t\t\t\t\t\t\t\t\t\t\t\t\t\t\t<\/div>\n\t\t\t\t<\/div>\n\t\t\t\t\t<\/div>\n\t\t<\/div>\n\t\t\t\t<div class=\"elementor-column elementor-col-50 elementor-top-column elementor-element elementor-element-5fb8006\" data-id=\"5fb8006\" data-element_type=\"column\">\n\t\t\t<div class=\"elementor-widget-wrap elementor-element-populated\">\n\t\t\t\t\t\t<div class=\"elementor-element elementor-element-b4e5aae elementor-widget elementor-widget-heading\" data-id=\"b4e5aae\" data-element_type=\"widget\" data-widget_type=\"heading.default\">\n\t\t\t\t<div class=\"elementor-widget-container\">\n\t\t\t\t\t<h2 class=\"elementor-heading-title elementor-size-default\">DESSECADO<\/h2>\t\t\t\t<\/div>\n\t\t\t\t<\/div>\n\t\t\t\t<div class=\"elementor-element elementor-element-89561dc elementor-widget elementor-widget-text-editor\" data-id=\"89561dc\" data-element_type=\"widget\" data-widget_type=\"text-editor.default\">\n\t\t\t\t<div class=\"elementor-widget-container\">\n\t\t\t\t\t\t\t\t\t<p>Contamos com fornos deshidratadores automatizados, onde a fruta logo de lavada \u00e9 dessecada com opera\u00e7\u00f5es controladas de temperatura e higiene para obter uma ameixa passa uniforme.<\/p><p>\u00a0<\/p><p>Conserva\u00e7\u00e3o: Logo de dessecadas e reduzida sua humidade a 20% ou 21%, armazenam-se em condi\u00e7\u00f5es naturais at\u00e9 a sua embalagem.<\/p>\t\t\t\t\t\t\t\t<\/div>\n\t\t\t\t<\/div>\n\t\t\t\t\t<\/div>\n\t\t<\/div>\n\t\t\t\t\t<\/div>\n\t\t<\/section>\n\t\t\t\t<section class=\"elementor-section elementor-top-section elementor-element elementor-element-3c547138 elementor-section-content-middle elementor-hidden-tablet elementor-hidden-mobile elementor-section-boxed elementor-section-height-default elementor-section-height-default elementor-invisible\" data-id=\"3c547138\" data-element_type=\"section\" data-settings=\"{&quot;animation&quot;:&quot;fadeIn&quot;}\">\n\t\t\t\t\t\t<div class=\"elementor-container elementor-column-gap-default\">\n\t\t\t\t\t<div class=\"elementor-column elementor-col-50 elementor-top-column elementor-element elementor-element-60dd4fad\" data-id=\"60dd4fad\" data-element_type=\"column\">\n\t\t\t<div class=\"elementor-widget-wrap elementor-element-populated\">\n\t\t\t\t\t\t<div class=\"elementor-element elementor-element-187a6fc0 elementor-widget elementor-widget-heading\" data-id=\"187a6fc0\" data-element_type=\"widget\" data-widget_type=\"heading.default\">\n\t\t\t\t<div class=\"elementor-widget-container\">\n\t\t\t\t\t<h2 class=\"elementor-heading-title elementor-size-default\">DESSECADO<\/h2>\t\t\t\t<\/div>\n\t\t\t\t<\/div>\n\t\t\t\t<div class=\"elementor-element elementor-element-487e4832 elementor-widget elementor-widget-text-editor\" data-id=\"487e4832\" data-element_type=\"widget\" data-widget_type=\"text-editor.default\">\n\t\t\t\t<div class=\"elementor-widget-container\">\n\t\t\t\t\t\t\t\t\t<p>Contamos com fornos deshidratadores automatizados, onde a fruta logo de lavada \u00e9 dessecada com opera\u00e7\u00f5es controladas de temperatura e higiene para obter uma ameixa passa uniforme.<\/p><p>\u00a0<\/p><p>Conserva\u00e7\u00e3o: Logo de dessecadas e reduzida sua humidade a 20% ou 21%, armazenam-se em condi\u00e7\u00f5es naturais at\u00e9 a sua embalagem.<\/p>\t\t\t\t\t\t\t\t<\/div>\n\t\t\t\t<\/div>\n\t\t\t\t\t<\/div>\n\t\t<\/div>\n\t\t\t\t<div class=\"elementor-column elementor-col-50 elementor-top-column elementor-element elementor-element-289f7fe1\" data-id=\"289f7fe1\" data-element_type=\"column\">\n\t\t\t<div class=\"elementor-widget-wrap elementor-element-populated\">\n\t\t\t\t\t\t<div class=\"elementor-element elementor-element-65c27821 elementor-widget elementor-widget-image\" data-id=\"65c27821\" data-element_type=\"widget\" data-widget_type=\"image.default\">\n\t\t\t\t<div class=\"elementor-widget-container\">\n\t\t\t\t\t\t\t\t\t\t\t\t\t\t\t<img loading=\"lazy\" decoding=\"async\" width=\"536\" height=\"378\" src=\"https:\/\/www.cirexa.com\/pt\/wp-content\/uploads\/2021\/09\/empresa-img-1.jpg\" class=\"attachment-large size-large wp-image-1192\" alt=\"\" srcset=\"https:\/\/www.cirexa.com\/pt\/wp-content\/uploads\/2021\/09\/empresa-img-1.jpg 536w, https:\/\/www.cirexa.com\/pt\/wp-content\/uploads\/2021\/09\/empresa-img-1-300x212.jpg 300w\" sizes=\"(max-width: 536px) 100vw, 536px\" \/>\t\t\t\t\t\t\t\t\t\t\t\t\t\t\t<\/div>\n\t\t\t\t<\/div>\n\t\t\t\t\t<\/div>\n\t\t<\/div>\n\t\t\t\t\t<\/div>\n\t\t<\/section>\n\t\t\t\t<section class=\"elementor-section elementor-top-section elementor-element elementor-element-8d2bff0 elementor-section-full_width elementor-section-height-default elementor-section-height-default elementor-invisible\" data-id=\"8d2bff0\" data-element_type=\"section\" data-settings=\"{&quot;animation&quot;:&quot;fadeInLeft&quot;}\">\n\t\t\t\t\t\t<div class=\"elementor-container elementor-column-gap-no\">\n\t\t\t\t\t<div class=\"elementor-column elementor-col-100 elementor-top-column elementor-element elementor-element-851deb6\" data-id=\"851deb6\" data-element_type=\"column\">\n\t\t\t<div class=\"elementor-widget-wrap elementor-element-populated\">\n\t\t\t\t\t\t<div class=\"elementor-element elementor-element-0d8fc40 elementor-widget elementor-widget-image\" data-id=\"0d8fc40\" data-element_type=\"widget\" data-widget_type=\"image.default\">\n\t\t\t\t<div class=\"elementor-widget-container\">\n\t\t\t\t\t\t\t\t\t\t\t\t\t\t\t<img loading=\"lazy\" decoding=\"async\" width=\"800\" height=\"63\" src=\"https:\/\/www.cirexa.com\/pt\/wp-content\/uploads\/2020\/11\/lineas-violetas-1024x80.png\" class=\"attachment-large size-large wp-image-563\" alt=\"\" srcset=\"https:\/\/www.cirexa.com\/pt\/wp-content\/uploads\/2020\/11\/lineas-violetas-1024x80.png 1024w, https:\/\/www.cirexa.com\/pt\/wp-content\/uploads\/2020\/11\/lineas-violetas-300x23.png 300w, https:\/\/www.cirexa.com\/pt\/wp-content\/uploads\/2020\/11\/lineas-violetas-768x60.png 768w, https:\/\/www.cirexa.com\/pt\/wp-content\/uploads\/2020\/11\/lineas-violetas.png 1043w\" sizes=\"(max-width: 800px) 100vw, 800px\" \/>\t\t\t\t\t\t\t\t\t\t\t\t\t\t\t<\/div>\n\t\t\t\t<\/div>\n\t\t\t\t\t<\/div>\n\t\t<\/div>\n\t\t\t\t\t<\/div>\n\t\t<\/section>\n\t\t\t\t<section class=\"elementor-section elementor-top-section elementor-element elementor-element-3feb976 elementor-section-content-middle elementor-section-boxed elementor-section-height-default elementor-section-height-default elementor-invisible\" data-id=\"3feb976\" data-element_type=\"section\" data-settings=\"{&quot;animation&quot;:&quot;fadeIn&quot;}\">\n\t\t\t\t\t\t<div class=\"elementor-container elementor-column-gap-default\">\n\t\t\t\t\t<div class=\"elementor-column elementor-col-50 elementor-top-column elementor-element elementor-element-6b262bd\" data-id=\"6b262bd\" data-element_type=\"column\">\n\t\t\t<div class=\"elementor-widget-wrap elementor-element-populated\">\n\t\t\t\t\t\t<div class=\"elementor-element elementor-element-c463fbd elementor-widget elementor-widget-image\" data-id=\"c463fbd\" data-element_type=\"widget\" data-widget_type=\"image.default\">\n\t\t\t\t<div class=\"elementor-widget-container\">\n\t\t\t\t\t\t\t\t\t\t\t\t\t\t\t<img loading=\"lazy\" decoding=\"async\" width=\"768\" height=\"478\" src=\"https:\/\/www.cirexa.com\/pt\/wp-content\/uploads\/2021\/09\/caja-ciruelas-cirexa-min.png\" class=\"attachment-large size-large wp-image-1170\" alt=\"\" srcset=\"https:\/\/www.cirexa.com\/pt\/wp-content\/uploads\/2021\/09\/caja-ciruelas-cirexa-min.png 768w, https:\/\/www.cirexa.com\/pt\/wp-content\/uploads\/2021\/09\/caja-ciruelas-cirexa-min-300x187.png 300w\" sizes=\"(max-width: 768px) 100vw, 768px\" \/>\t\t\t\t\t\t\t\t\t\t\t\t\t\t\t<\/div>\n\t\t\t\t<\/div>\n\t\t\t\t<div class=\"elementor-element elementor-element-47db2e0 elementor-widget elementor-widget-heading\" data-id=\"47db2e0\" data-element_type=\"widget\" data-widget_type=\"heading.default\">\n\t\t\t\t<div class=\"elementor-widget-container\">\n\t\t\t\t\t<h2 class=\"elementor-heading-title elementor-size-default\">AMEIXAS<\/h2>\t\t\t\t<\/div>\n\t\t\t\t<\/div>\n\t\t\t\t<div class=\"elementor-element elementor-element-75be153 elementor-widget elementor-widget-heading\" data-id=\"75be153\" data-element_type=\"widget\" data-widget_type=\"heading.default\">\n\t\t\t\t<div class=\"elementor-widget-container\">\n\t\t\t\t\t<h2 class=\"elementor-heading-title elementor-size-default\">do Sul de  Mza.<\/h2>\t\t\t\t<\/div>\n\t\t\t\t<\/div>\n\t\t\t\t\t<\/div>\n\t\t<\/div>\n\t\t\t\t<div class=\"elementor-column elementor-col-50 elementor-top-column elementor-element elementor-element-7515524\" data-id=\"7515524\" data-element_type=\"column\">\n\t\t\t<div class=\"elementor-widget-wrap elementor-element-populated\">\n\t\t\t\t\t\t<div class=\"elementor-element elementor-element-608edcf elementor-widget elementor-widget-heading\" data-id=\"608edcf\" data-element_type=\"widget\" data-widget_type=\"heading.default\">\n\t\t\t\t<div class=\"elementor-widget-container\">\n\t\t\t\t\t<h2 class=\"elementor-heading-title elementor-size-default\">EMBALAGEM<\/h2>\t\t\t\t<\/div>\n\t\t\t\t<\/div>\n\t\t\t\t<div class=\"elementor-element elementor-element-db125df elementor-widget elementor-widget-text-editor\" data-id=\"db125df\" data-element_type=\"widget\" data-widget_type=\"text-editor.default\">\n\t\t\t\t<div class=\"elementor-widget-container\">\n\t\t\t\t\t\t\t\t\t<p>Come\u00e7a com a inspe\u00e7\u00e3o dos frutos, sele\u00e7\u00e3o por tamanho com seletor \u00f3tico, detector de metais e lavagem com \u00e1gua devidamente tratada. Isso nos permite respeitar os padr\u00f5es de qualidade e\u00a0 certificar o HACCP.<\/p><p>Eles s\u00e3o ent\u00e3o hidratados com vapor e sem caro\u00e7o utomaticamente por jarros de \u00faltima gera\u00e7\u00e3o.<\/p>\t\t\t\t\t\t\t\t<\/div>\n\t\t\t\t<\/div>\n\t\t\t\t<div class=\"elementor-element elementor-element-012d60b elementor-widget elementor-widget-heading\" data-id=\"012d60b\" data-element_type=\"widget\" data-widget_type=\"heading.default\">\n\t\t\t\t<div class=\"elementor-widget-container\">\n\t\t\t\t\t<h2 class=\"elementor-heading-title elementor-size-default\">Embalagens:<\/h2>\t\t\t\t<\/div>\n\t\t\t\t<\/div>\n\t\t\t\t<div class=\"elementor-element elementor-element-cfc9b54 elementor-widget elementor-widget-text-editor\" data-id=\"cfc9b54\" data-element_type=\"widget\" data-widget_type=\"text-editor.default\">\n\t\t\t\t<div class=\"elementor-widget-container\">\n\t\t\t\t\t\t\t\t\t<p>&#8211; Caixa 10 Quilogramas para Ameixas Secas Tenras com caro\u00e7o e sem caro\u00e7o.<\/p><p>&#8211; Saco 50 Quilogramas para Ameixa Seca em estado natural.<\/p><p>O \u00fanico conservante usado para prevenir danos causados por fungos e leveduras \u00e9 o sorbato de pot\u00e1ssio.<\/p>\t\t\t\t\t\t\t\t<\/div>\n\t\t\t\t<\/div>\n\t\t\t\t\t<\/div>\n\t\t<\/div>\n\t\t\t\t\t<\/div>\n\t\t<\/section>\n\t\t\t\t<section class=\"elementor-section elementor-top-section elementor-element elementor-element-42b42691 elementor-section-full_width elementor-section-height-default elementor-section-height-default elementor-invisible\" data-id=\"42b42691\" data-element_type=\"section\" data-settings=\"{&quot;background_background&quot;:&quot;classic&quot;,&quot;animation&quot;:&quot;fadeIn&quot;}\">\n\t\t\t\t\t\t<div class=\"elementor-container elementor-column-gap-default\">\n\t\t\t\t\t<div class=\"elementor-column elementor-col-100 elementor-top-column elementor-element elementor-element-7f3af081\" data-id=\"7f3af081\" data-element_type=\"column\">\n\t\t\t<div class=\"elementor-widget-wrap elementor-element-populated\">\n\t\t\t\t\t\t<div class=\"elementor-element elementor-element-16376fdf elementor-widget elementor-widget-image\" data-id=\"16376fdf\" data-element_type=\"widget\" data-widget_type=\"image.default\">\n\t\t\t\t<div class=\"elementor-widget-container\">\n\t\t\t\t\t\t\t\t\t\t\t\t\t\t\t<img loading=\"lazy\" decoding=\"async\" width=\"177\" height=\"89\" src=\"https:\/\/www.cirexa.com\/pt\/wp-content\/uploads\/2020\/11\/logo-cirexa-info-min.png\" class=\"attachment-large size-large wp-image-311\" alt=\"\" \/>\t\t\t\t\t\t\t\t\t\t\t\t\t\t\t<\/div>\n\t\t\t\t<\/div>\n\t\t\t\t<div class=\"elementor-element elementor-element-66868c01 elementor-widget elementor-widget-heading\" data-id=\"66868c01\" data-element_type=\"widget\" data-widget_type=\"heading.default\">\n\t\t\t\t<div class=\"elementor-widget-container\">\n\t\t\t\t\t<span class=\"elementor-heading-title elementor-size-default\">Ameixas Secas do Sul de Mendoza<\/span>\t\t\t\t<\/div>\n\t\t\t\t<\/div>\n\t\t\t\t<div class=\"elementor-element elementor-element-cc75143 elementor-widget elementor-widget-heading\" data-id=\"cc75143\" data-element_type=\"widget\" data-widget_type=\"heading.default\">\n\t\t\t\t<div class=\"elementor-widget-container\">\n\t\t\t\t\t<span class=\"elementor-heading-title elementor-size-default\">+54 2625 426205  |  info@cirexa.com.ar<\/span>\t\t\t\t<\/div>\n\t\t\t\t<\/div>\n\t\t\t\t\t<\/div>\n\t\t<\/div>\n\t\t\t\t\t<\/div>\n\t\t<\/section>\n\t\t\t\t<\/div>\n\t\t","protected":false},"excerpt":{"rendered":"<p>Ameixas Secas Produto com alto padr\u00e3o de qualidade PRODU\u00c7\u00c3O O trabalho da terra \u00e9 uma tarefa que leva tempo e dedica\u00e7\u00e3o durante o ano todo. No m\u00eas de Setembro come\u00e7a a flora\u00e7\u00e3o das ameixas, transformando a horta numa aromatizada e perfumada coberta branca. Nesta etapa come\u00e7a a irriga\u00e7\u00e3o e fertiliza\u00e7\u00e3o dos cultivos para alcan\u00e7ar o [&hellip;]<\/p>\n","protected":false},"author":1,"featured_media":0,"parent":0,"menu_order":0,"comment_status":"closed","ping_status":"closed","template":"","meta":{"footnotes":""},"class_list":["post-152","page","type-page","status-publish","hentry"],"_links":{"self":[{"href":"https:\/\/www.cirexa.com\/pt\/wp-json\/wp\/v2\/pages\/152","targetHints":{"allow":["GET"]}}],"collection":[{"href":"https:\/\/www.cirexa.com\/pt\/wp-json\/wp\/v2\/pages"}],"about":[{"href":"https:\/\/www.cirexa.com\/pt\/wp-json\/wp\/v2\/types\/page"}],"author":[{"embeddable":true,"href":"https:\/\/www.cirexa.com\/pt\/wp-json\/wp\/v2\/users\/1"}],"replies":[{"embeddable":true,"href":"https:\/\/www.cirexa.com\/pt\/wp-json\/wp\/v2\/comments?post=152"}],"version-history":[{"count":131,"href":"https:\/\/www.cirexa.com\/pt\/wp-json\/wp\/v2\/pages\/152\/revisions"}],"predecessor-version":[{"id":1195,"href":"https:\/\/www.cirexa.com\/pt\/wp-json\/wp\/v2\/pages\/152\/revisions\/1195"}],"wp:attachment":[{"href":"https:\/\/www.cirexa.com\/pt\/wp-json\/wp\/v2\/media?parent=152"}],"curies":[{"name":"wp","href":"https:\/\/api.w.org\/{rel}","templated":true}]}}