{"id":148,"date":"2020-11-24T20:45:29","date_gmt":"2020-11-24T20:45:29","guid":{"rendered":"https:\/\/www.cirexa.com\/pt\/?page_id=148"},"modified":"2021-09-27T22:19:29","modified_gmt":"2021-09-27T22:19:29","slug":"sobre-nos","status":"publish","type":"page","link":"https:\/\/www.cirexa.com\/pt\/sobre-nos\/","title":{"rendered":"Sobre N\u00f3s"},"content":{"rendered":"\t\t<div data-elementor-type=\"wp-page\" data-elementor-id=\"148\" class=\"elementor elementor-148\" data-elementor-post-type=\"page\">\n\t\t\t\t\t\t<section class=\"elementor-section elementor-top-section elementor-element elementor-element-bbf8315 elementor-section-height-min-height elementor-section-boxed elementor-section-height-default elementor-section-items-middle elementor-invisible\" data-id=\"bbf8315\" data-element_type=\"section\" data-settings=\"{&quot;animation&quot;:&quot;fadeIn&quot;}\">\n\t\t\t\t\t\t\t<div class=\"elementor-background-overlay\"><\/div>\n\t\t\t\t\t\t\t<div class=\"elementor-container elementor-column-gap-default\">\n\t\t\t\t\t<div class=\"elementor-column elementor-col-50 elementor-top-column elementor-element elementor-element-3e19588\" data-id=\"3e19588\" data-element_type=\"column\">\n\t\t\t<div class=\"elementor-widget-wrap\">\n\t\t\t\t\t\t\t<\/div>\n\t\t<\/div>\n\t\t\t\t<div class=\"elementor-column elementor-col-50 elementor-top-column elementor-element elementor-element-f8c770f\" data-id=\"f8c770f\" data-element_type=\"column\">\n\t\t\t<div class=\"elementor-widget-wrap elementor-element-populated\">\n\t\t\t\t\t\t<div class=\"elementor-element elementor-element-c3e6292 elementor-widget elementor-widget-image\" data-id=\"c3e6292\" data-element_type=\"widget\" data-widget_type=\"image.default\">\n\t\t\t\t<div class=\"elementor-widget-container\">\n\t\t\t\t\t\t\t\t\t\t\t\t\t\t\t<img fetchpriority=\"high\" decoding=\"async\" width=\"520\" height=\"267\" src=\"https:\/\/www.cirexa.com\/pt\/wp-content\/uploads\/2020\/11\/logo-cirexa-blanco-min.png\" class=\"attachment-large size-large wp-image-323\" alt=\"\" srcset=\"https:\/\/www.cirexa.com\/pt\/wp-content\/uploads\/2020\/11\/logo-cirexa-blanco-min.png 520w, https:\/\/www.cirexa.com\/pt\/wp-content\/uploads\/2020\/11\/logo-cirexa-blanco-min-300x154.png 300w\" sizes=\"(max-width: 520px) 100vw, 520px\" \/>\t\t\t\t\t\t\t\t\t\t\t\t\t\t\t<\/div>\n\t\t\t\t<\/div>\n\t\t\t\t<div class=\"elementor-element elementor-element-75885fc elementor-widget elementor-widget-heading\" data-id=\"75885fc\" data-element_type=\"widget\" data-widget_type=\"heading.default\">\n\t\t\t\t<div class=\"elementor-widget-container\">\n\t\t\t\t\t<h2 class=\"elementor-heading-title elementor-size-default\"><span style=\"background-color:#852c45;padding: 0px 5px\">Ameixas Secas<\/span> <\/h2>\t\t\t\t<\/div>\n\t\t\t\t<\/div>\n\t\t\t\t<div class=\"elementor-element elementor-element-1768a94 elementor-widget elementor-widget-heading\" data-id=\"1768a94\" data-element_type=\"widget\" data-widget_type=\"heading.default\">\n\t\t\t\t<div class=\"elementor-widget-container\">\n\t\t\t\t\t<h2 class=\"elementor-heading-title elementor-size-default\"><span style=\"background-color:#3a6535;padding: 0px 5px\">do Sul de Mendoza<\/span> <\/h2>\t\t\t\t<\/div>\n\t\t\t\t<\/div>\n\t\t\t\t\t<\/div>\n\t\t<\/div>\n\t\t\t\t\t<\/div>\n\t\t<\/section>\n\t\t\t\t<section class=\"elementor-section elementor-top-section elementor-element elementor-element-48afbf4 elementor-section-content-middle elementor-section-boxed elementor-section-height-default elementor-section-height-default elementor-invisible\" data-id=\"48afbf4\" data-element_type=\"section\" data-settings=\"{&quot;animation&quot;:&quot;fadeIn&quot;}\">\n\t\t\t\t\t\t<div class=\"elementor-container elementor-column-gap-default\">\n\t\t\t\t\t<div class=\"elementor-column elementor-col-50 elementor-top-column elementor-element elementor-element-03811e7\" data-id=\"03811e7\" data-element_type=\"column\">\n\t\t\t<div class=\"elementor-widget-wrap elementor-element-populated\">\n\t\t\t\t\t\t<div class=\"elementor-element elementor-element-e7e4a8b elementor-widget elementor-widget-heading\" data-id=\"e7e4a8b\" data-element_type=\"widget\" data-widget_type=\"heading.default\">\n\t\t\t\t<div class=\"elementor-widget-container\">\n\t\t\t\t\t<h2 class=\"elementor-heading-title elementor-size-default\">CIREXA | Produtores Associados<\/h2>\t\t\t\t<\/div>\n\t\t\t\t<\/div>\n\t\t\t\t<div class=\"elementor-element elementor-element-68919fd elementor-widget elementor-widget-text-editor\" data-id=\"68919fd\" data-element_type=\"widget\" data-widget_type=\"text-editor.default\">\n\t\t\t\t<div class=\"elementor-widget-container\">\n\t\t\t\t\t\t\t\t\t<p>CIREXA S.A. \u00e9 uma sociedade fundada por produtores que est\u00e1 localizada no vale sul do Atuel, General Alvear, Mendoza, Argentina. A sua privilegiada localiza\u00e7\u00e3o geogr\u00e1fica, um clima adequado para o cultivo e as boas pr\u00e1ticas agr\u00edcolas, possibilitam a produ\u00e7\u00e3o das ameixas de uma maneira completamente natural atingindo os altos padr\u00f5es que solicitam os mercados mais exigentes.<\/p><p>Nossos cultivos s\u00e3o irrigados pelas aguas do Rio Atuel, prov\u00eam de degelos da Cordilheira dos Andes, a isto somado os intensos fr\u00edos do inverno, ver\u00e3os quentes e secos, condi\u00e7\u00f5es de humidade aceit\u00e1veis e uma terra f\u00e9rtil, torna poss\u00edvel a elabora\u00e7\u00e3o dum produto nobre, natural e saud\u00e1vel, com propriedades nutricionais e anti-cancer\u00edgenas, uma fonte natural de sa\u00fade.<\/p><p>As planta\u00e7\u00f5es dos nossos produtores contam com tecido anti-granizo, irriga\u00e7\u00e3o gota-a-gota, protec\u00e7\u00e3o contra geadas por microaspers\u00e3o, colheita mecanizada, entre outras tecnologias de ponta, o que nos d\u00e1 a possibilidade de maximizar a produ\u00e7\u00e3o e atingir os padr\u00f5es de qualidade necess\u00e1rios.<\/p>\t\t\t\t\t\t\t\t<\/div>\n\t\t\t\t<\/div>\n\t\t\t\t\t<\/div>\n\t\t<\/div>\n\t\t\t\t<div class=\"elementor-column elementor-col-50 elementor-top-column elementor-element elementor-element-bac257e\" data-id=\"bac257e\" data-element_type=\"column\">\n\t\t\t<div class=\"elementor-widget-wrap elementor-element-populated\">\n\t\t\t\t\t\t<div class=\"elementor-element elementor-element-5f8ca75 elementor-widget elementor-widget-image\" data-id=\"5f8ca75\" data-element_type=\"widget\" data-widget_type=\"image.default\">\n\t\t\t\t<div class=\"elementor-widget-container\">\n\t\t\t\t\t\t\t\t\t\t\t\t\t\t\t<img decoding=\"async\" width=\"536\" height=\"530\" src=\"https:\/\/www.cirexa.com\/pt\/wp-content\/uploads\/2021\/09\/empresa-img.jpg\" class=\"attachment-large size-large wp-image-1152\" alt=\"\" srcset=\"https:\/\/www.cirexa.com\/pt\/wp-content\/uploads\/2021\/09\/empresa-img.jpg 536w, https:\/\/www.cirexa.com\/pt\/wp-content\/uploads\/2021\/09\/empresa-img-300x297.jpg 300w\" sizes=\"(max-width: 536px) 100vw, 536px\" \/>\t\t\t\t\t\t\t\t\t\t\t\t\t\t\t<\/div>\n\t\t\t\t<\/div>\n\t\t\t\t\t<\/div>\n\t\t<\/div>\n\t\t\t\t\t<\/div>\n\t\t<\/section>\n\t\t\t\t<section class=\"elementor-section elementor-top-section elementor-element elementor-element-a4cf7f2 elementor-section-boxed elementor-section-height-default elementor-section-height-default elementor-invisible\" data-id=\"a4cf7f2\" data-element_type=\"section\" data-settings=\"{&quot;animation&quot;:&quot;fadeInUp&quot;}\">\n\t\t\t\t\t\t<div class=\"elementor-container elementor-column-gap-default\">\n\t\t\t\t\t<div class=\"elementor-column elementor-col-100 elementor-top-column elementor-element elementor-element-bf2261c\" data-id=\"bf2261c\" data-element_type=\"column\">\n\t\t\t<div class=\"elementor-widget-wrap elementor-element-populated\">\n\t\t\t\t\t\t<div class=\"elementor-element elementor-element-615f82f elementor-widget elementor-widget-heading\" data-id=\"615f82f\" data-element_type=\"widget\" data-widget_type=\"heading.default\">\n\t\t\t\t<div class=\"elementor-widget-container\">\n\t\t\t\t\t<h2 class=\"elementor-heading-title elementor-size-default\">\"Nosso objetivo <span style=\"font-weight:300\">\u00e9 fornecer aos consumidores<\/span><br>\nprodutos saud\u00e1veis \u200b\u200be naturais.\"<\/h2>\t\t\t\t<\/div>\n\t\t\t\t<\/div>\n\t\t\t\t\t<\/div>\n\t\t<\/div>\n\t\t\t\t\t<\/div>\n\t\t<\/section>\n\t\t\t\t<section class=\"elementor-section elementor-top-section elementor-element elementor-element-c8dba4e elementor-section-full_width elementor-section-height-default elementor-section-height-default elementor-invisible\" data-id=\"c8dba4e\" data-element_type=\"section\" data-settings=\"{&quot;animation&quot;:&quot;fadeIn&quot;}\">\n\t\t\t\t\t\t<div class=\"elementor-container elementor-column-gap-no\">\n\t\t\t\t\t<div class=\"elementor-column elementor-col-100 elementor-top-column elementor-element elementor-element-d627cdf\" data-id=\"d627cdf\" data-element_type=\"column\">\n\t\t\t<div class=\"elementor-widget-wrap elementor-element-populated\">\n\t\t\t\t\t\t<div class=\"elementor-element elementor-element-de6ff58 elementor-widget elementor-widget-image\" data-id=\"de6ff58\" data-element_type=\"widget\" data-widget_type=\"image.default\">\n\t\t\t\t<div class=\"elementor-widget-container\">\n\t\t\t\t\t\t\t\t\t\t\t\t\t\t\t<img decoding=\"async\" width=\"1920\" height=\"229\" src=\"https:\/\/www.cirexa.com\/pt\/wp-content\/uploads\/2020\/11\/empresa-linea-min.jpg\" class=\"attachment-full size-full wp-image-347\" alt=\"\" srcset=\"https:\/\/www.cirexa.com\/pt\/wp-content\/uploads\/2020\/11\/empresa-linea-min.jpg 1920w, https:\/\/www.cirexa.com\/pt\/wp-content\/uploads\/2020\/11\/empresa-linea-min-300x36.jpg 300w, https:\/\/www.cirexa.com\/pt\/wp-content\/uploads\/2020\/11\/empresa-linea-min-1024x122.jpg 1024w, https:\/\/www.cirexa.com\/pt\/wp-content\/uploads\/2020\/11\/empresa-linea-min-768x92.jpg 768w, https:\/\/www.cirexa.com\/pt\/wp-content\/uploads\/2020\/11\/empresa-linea-min-1536x183.jpg 1536w\" sizes=\"(max-width: 1920px) 100vw, 1920px\" \/>\t\t\t\t\t\t\t\t\t\t\t\t\t\t\t<\/div>\n\t\t\t\t<\/div>\n\t\t\t\t\t<\/div>\n\t\t<\/div>\n\t\t\t\t\t<\/div>\n\t\t<\/section>\n\t\t\t\t<section class=\"elementor-section elementor-top-section elementor-element elementor-element-7144b24 elementor-section-boxed elementor-section-height-default elementor-section-height-default elementor-invisible\" data-id=\"7144b24\" data-element_type=\"section\" data-settings=\"{&quot;background_background&quot;:&quot;classic&quot;,&quot;animation&quot;:&quot;fadeIn&quot;}\">\n\t\t\t\t\t\t\t<div class=\"elementor-background-overlay\"><\/div>\n\t\t\t\t\t\t\t<div class=\"elementor-container elementor-column-gap-default\">\n\t\t\t\t\t<div class=\"elementor-column elementor-col-33 elementor-top-column elementor-element elementor-element-d3b3e01\" data-id=\"d3b3e01\" data-element_type=\"column\">\n\t\t\t<div class=\"elementor-widget-wrap elementor-element-populated\">\n\t\t\t\t\t\t<div class=\"elementor-element elementor-element-bdedb93 elementor-widget elementor-widget-heading\" data-id=\"bdedb93\" data-element_type=\"widget\" data-widget_type=\"heading.default\">\n\t\t\t\t<div class=\"elementor-widget-container\">\n\t\t\t\t\t<h2 class=\"elementor-heading-title elementor-size-default\"><span style=\"background-color:#852c45;padding: 5px 5px\">VIS\u00c3O<\/span><\/h2>\t\t\t\t<\/div>\n\t\t\t\t<\/div>\n\t\t\t\t<div class=\"elementor-element elementor-element-ef02e11 elementor-widget elementor-widget-text-editor\" data-id=\"ef02e11\" data-element_type=\"widget\" data-widget_type=\"text-editor.default\">\n\t\t\t\t<div class=\"elementor-widget-container\">\n\t\t\t\t\t\t\t\t\t<p><span style=\"font-size: 14.4px;\">Ser um l\u00edder e de n\u00edvel regional,\u00a0<\/span>relativo \u00e0 exporta\u00e7\u00e3o de frutos secos.<\/p>\t\t\t\t\t\t\t\t<\/div>\n\t\t\t\t<\/div>\n\t\t\t\t\t<\/div>\n\t\t<\/div>\n\t\t\t\t<div class=\"elementor-column elementor-col-33 elementor-top-column elementor-element elementor-element-bbef859\" data-id=\"bbef859\" data-element_type=\"column\">\n\t\t\t<div class=\"elementor-widget-wrap elementor-element-populated\">\n\t\t\t\t\t\t<div class=\"elementor-element elementor-element-c8dc086 elementor-widget elementor-widget-heading\" data-id=\"c8dc086\" data-element_type=\"widget\" data-widget_type=\"heading.default\">\n\t\t\t\t<div class=\"elementor-widget-container\">\n\t\t\t\t\t<h2 class=\"elementor-heading-title elementor-size-default\"><span style=\"background-color:#852c45;padding: 5px 5px\">MISS\u00c3O<\/span><\/h2>\t\t\t\t<\/div>\n\t\t\t\t<\/div>\n\t\t\t\t<div class=\"elementor-element elementor-element-f49a5f4 elementor-widget elementor-widget-text-editor\" data-id=\"f49a5f4\" data-element_type=\"widget\" data-widget_type=\"text-editor.default\">\n\t\t\t\t<div class=\"elementor-widget-container\">\n\t\t\t\t\t\t\t\t\t<p><span style=\"font-size: 14.4px;\">Secos mercado de frutas para os\u00a0<\/span>mercados dom\u00e9stico e internacional. Ter a capacidade de responder \u00e0s exig\u00eancias da mesma, atrav\u00e9s do estabelecimento de padr\u00f5es de qualidade.<\/p>\t\t\t\t\t\t\t\t<\/div>\n\t\t\t\t<\/div>\n\t\t\t\t\t<\/div>\n\t\t<\/div>\n\t\t\t\t<div class=\"elementor-column elementor-col-33 elementor-top-column elementor-element elementor-element-ed38971\" data-id=\"ed38971\" data-element_type=\"column\">\n\t\t\t<div class=\"elementor-widget-wrap elementor-element-populated\">\n\t\t\t\t\t\t<div class=\"elementor-element elementor-element-d7ef7d7 elementor-widget elementor-widget-heading\" data-id=\"d7ef7d7\" data-element_type=\"widget\" data-widget_type=\"heading.default\">\n\t\t\t\t<div class=\"elementor-widget-container\">\n\t\t\t\t\t<h2 class=\"elementor-heading-title elementor-size-default\"><span style=\"background-color:#852c45;padding: 5px 5px\">OBJETIVOS<\/span><\/h2>\t\t\t\t<\/div>\n\t\t\t\t<\/div>\n\t\t\t\t<div class=\"elementor-element elementor-element-12708fe elementor-widget elementor-widget-text-editor\" data-id=\"12708fe\" data-element_type=\"widget\" data-widget_type=\"text-editor.default\">\n\t\t\t\t<div class=\"elementor-widget-container\">\n\t\t\t\t\t\t\t\t\t<p><span style=\"font-size: 14.4px;\">Comprometa-se com o desenvolvimento\u00a0<\/span>da regi\u00e3o, fornecendo ferramentas para o desenvolvimento sustent\u00e1vel. Ser respons\u00e1vel com o cuidado ea preserva\u00e7\u00e3o do meio ambiente.<\/p>\t\t\t\t\t\t\t\t<\/div>\n\t\t\t\t<\/div>\n\t\t\t\t\t<\/div>\n\t\t<\/div>\n\t\t\t\t\t<\/div>\n\t\t<\/section>\n\t\t\t\t<section class=\"elementor-section elementor-top-section elementor-element elementor-element-795f577 elementor-section-boxed elementor-section-height-default elementor-section-height-default\" data-id=\"795f577\" data-element_type=\"section\" data-settings=\"{&quot;background_background&quot;:&quot;classic&quot;,&quot;animation&quot;:&quot;none&quot;}\">\n\t\t\t\t\t\t<div class=\"elementor-container elementor-column-gap-no\">\n\t\t\t\t\t<div class=\"elementor-column elementor-col-33 elementor-top-column elementor-element elementor-element-2f0912b elementor-hidden-phone\" data-id=\"2f0912b\" data-element_type=\"column\">\n\t\t\t<div class=\"elementor-widget-wrap elementor-element-populated\">\n\t\t\t\t\t\t<div class=\"elementor-element elementor-element-e049353 elementor-widget elementor-widget-image\" data-id=\"e049353\" data-element_type=\"widget\" data-widget_type=\"image.default\">\n\t\t\t\t<div class=\"elementor-widget-container\">\n\t\t\t\t\t\t\t\t\t\t\t\t\t\t\t<img loading=\"lazy\" decoding=\"async\" width=\"480\" height=\"266\" src=\"https:\/\/www.cirexa.com\/pt\/wp-content\/uploads\/2021\/09\/empresa-caja-min.png\" class=\"attachment-large size-large wp-image-1173\" alt=\"\" srcset=\"https:\/\/www.cirexa.com\/pt\/wp-content\/uploads\/2021\/09\/empresa-caja-min.png 480w, https:\/\/www.cirexa.com\/pt\/wp-content\/uploads\/2021\/09\/empresa-caja-min-300x166.png 300w\" sizes=\"(max-width: 480px) 100vw, 480px\" \/>\t\t\t\t\t\t\t\t\t\t\t\t\t\t\t<\/div>\n\t\t\t\t<\/div>\n\t\t\t\t\t<\/div>\n\t\t<\/div>\n\t\t\t\t<div class=\"elementor-column elementor-col-33 elementor-top-column elementor-element elementor-element-8ff244c elementor-hidden-phone\" data-id=\"8ff244c\" data-element_type=\"column\">\n\t\t\t<div class=\"elementor-widget-wrap elementor-element-populated\">\n\t\t\t\t\t\t<div class=\"elementor-element elementor-element-effbbf0 fondo-verde elementor-widget__width-auto elementor-widget elementor-widget-heading\" data-id=\"effbbf0\" data-element_type=\"widget\" data-widget_type=\"heading.default\">\n\t\t\t\t<div class=\"elementor-widget-container\">\n\t\t\t\t\t<span class=\"elementor-heading-title elementor-size-default\"><span style=\"font-weight: 300\">Produtos com alta<\/span> altos <br>\npadr\u00f5es de qualidade<\/span>\t\t\t\t<\/div>\n\t\t\t\t<\/div>\n\t\t\t\t\t<\/div>\n\t\t<\/div>\n\t\t\t\t<div class=\"elementor-column elementor-col-33 elementor-top-column elementor-element elementor-element-c8db594\" data-id=\"c8db594\" data-element_type=\"column\">\n\t\t\t<div class=\"elementor-widget-wrap elementor-element-populated\">\n\t\t\t\t\t\t<div class=\"elementor-element elementor-element-0673e1b elementor-widget elementor-widget-image\" data-id=\"0673e1b\" data-element_type=\"widget\" data-widget_type=\"image.default\">\n\t\t\t\t<div class=\"elementor-widget-container\">\n\t\t\t\t\t\t\t\t\t\t\t\t\t\t\t<img loading=\"lazy\" decoding=\"async\" width=\"734\" height=\"366\" src=\"https:\/\/www.cirexa.com\/pt\/wp-content\/uploads\/2020\/11\/empresa-ciruela-min.png\" class=\"attachment-large size-large wp-image-377\" alt=\"\" srcset=\"https:\/\/www.cirexa.com\/pt\/wp-content\/uploads\/2020\/11\/empresa-ciruela-min.png 734w, https:\/\/www.cirexa.com\/pt\/wp-content\/uploads\/2020\/11\/empresa-ciruela-min-300x150.png 300w\" sizes=\"(max-width: 734px) 100vw, 734px\" \/>\t\t\t\t\t\t\t\t\t\t\t\t\t\t\t<\/div>\n\t\t\t\t<\/div>\n\t\t\t\t\t<\/div>\n\t\t<\/div>\n\t\t\t\t\t<\/div>\n\t\t<\/section>\n\t\t\t\t<section class=\"elementor-section elementor-top-section elementor-element elementor-element-a7a2ae3 elementor-section-full_width elementor-section-height-default elementor-section-height-default\" data-id=\"a7a2ae3\" data-element_type=\"section\" data-settings=\"{&quot;background_background&quot;:&quot;classic&quot;,&quot;animation&quot;:&quot;none&quot;}\">\n\t\t\t\t\t\t<div class=\"elementor-container elementor-column-gap-default\">\n\t\t\t\t\t<div class=\"elementor-column elementor-col-100 elementor-top-column elementor-element elementor-element-7793854a\" data-id=\"7793854a\" data-element_type=\"column\">\n\t\t\t<div class=\"elementor-widget-wrap elementor-element-populated\">\n\t\t\t\t\t\t<div class=\"elementor-element elementor-element-703bca2a elementor-widget elementor-widget-image\" data-id=\"703bca2a\" data-element_type=\"widget\" data-widget_type=\"image.default\">\n\t\t\t\t<div class=\"elementor-widget-container\">\n\t\t\t\t\t\t\t\t\t\t\t\t\t\t\t<img loading=\"lazy\" decoding=\"async\" width=\"177\" height=\"89\" src=\"https:\/\/www.cirexa.com\/pt\/wp-content\/uploads\/2020\/11\/logo-cirexa-info-min.png\" class=\"attachment-large size-large wp-image-311\" alt=\"\" \/>\t\t\t\t\t\t\t\t\t\t\t\t\t\t\t<\/div>\n\t\t\t\t<\/div>\n\t\t\t\t<div class=\"elementor-element elementor-element-63981ec0 elementor-widget elementor-widget-heading\" data-id=\"63981ec0\" data-element_type=\"widget\" data-widget_type=\"heading.default\">\n\t\t\t\t<div class=\"elementor-widget-container\">\n\t\t\t\t\t<span class=\"elementor-heading-title elementor-size-default\"><span style=\"font-size: 12.8px\">Ameixas Secas do Sul de Mendoza<\/span><\/span>\t\t\t\t<\/div>\n\t\t\t\t<\/div>\n\t\t\t\t<div class=\"elementor-element elementor-element-58e80662 elementor-widget elementor-widget-heading\" data-id=\"58e80662\" data-element_type=\"widget\" data-widget_type=\"heading.default\">\n\t\t\t\t<div class=\"elementor-widget-container\">\n\t\t\t\t\t<span class=\"elementor-heading-title elementor-size-default\">+54 2625 426205  |  info@cirexa.com.ar<\/span>\t\t\t\t<\/div>\n\t\t\t\t<\/div>\n\t\t\t\t\t<\/div>\n\t\t<\/div>\n\t\t\t\t\t<\/div>\n\t\t<\/section>\n\t\t\t\t<\/div>\n\t\t","protected":false},"excerpt":{"rendered":"<p>Ameixas Secas do Sul de Mendoza CIREXA | Produtores Associados CIREXA S.A. \u00e9 uma sociedade fundada por produtores que est\u00e1 localizada no vale sul do Atuel, General Alvear, Mendoza, Argentina. A sua privilegiada localiza\u00e7\u00e3o geogr\u00e1fica, um clima adequado para o cultivo e as boas pr\u00e1ticas agr\u00edcolas, possibilitam a produ\u00e7\u00e3o das ameixas de uma maneira completamente [&hellip;]<\/p>\n","protected":false},"author":1,"featured_media":0,"parent":0,"menu_order":0,"comment_status":"closed","ping_status":"closed","template":"","meta":{"footnotes":""},"class_list":["post-148","page","type-page","status-publish","hentry"],"_links":{"self":[{"href":"https:\/\/www.cirexa.com\/pt\/wp-json\/wp\/v2\/pages\/148","targetHints":{"allow":["GET"]}}],"collection":[{"href":"https:\/\/www.cirexa.com\/pt\/wp-json\/wp\/v2\/pages"}],"about":[{"href":"https:\/\/www.cirexa.com\/pt\/wp-json\/wp\/v2\/types\/page"}],"author":[{"embeddable":true,"href":"https:\/\/www.cirexa.com\/pt\/wp-json\/wp\/v2\/users\/1"}],"replies":[{"embeddable":true,"href":"https:\/\/www.cirexa.com\/pt\/wp-json\/wp\/v2\/comments?post=148"}],"version-history":[{"count":116,"href":"https:\/\/www.cirexa.com\/pt\/wp-json\/wp\/v2\/pages\/148\/revisions"}],"predecessor-version":[{"id":1184,"href":"https:\/\/www.cirexa.com\/pt\/wp-json\/wp\/v2\/pages\/148\/revisions\/1184"}],"wp:attachment":[{"href":"https:\/\/www.cirexa.com\/pt\/wp-json\/wp\/v2\/media?parent=148"}],"curies":[{"name":"wp","href":"https:\/\/api.w.org\/{rel}","templated":true}]}}