{"id":152,"date":"2020-11-24T20:46:12","date_gmt":"2020-11-24T20:46:12","guid":{"rendered":"https:\/\/www.cirexa.com\/es\/?page_id=152"},"modified":"2021-09-27T21:59:46","modified_gmt":"2021-09-27T21:59:46","slug":"proceso","status":"publish","type":"page","link":"https:\/\/www.cirexa.com\/es\/proceso\/","title":{"rendered":"Proceso"},"content":{"rendered":"\t\t<div data-elementor-type=\"wp-page\" data-elementor-id=\"152\" class=\"elementor elementor-152\" data-elementor-post-type=\"page\">\n\t\t\t\t\t\t<section class=\"elementor-section elementor-top-section elementor-element elementor-element-b04ffb6 elementor-section-height-min-height elementor-section-boxed elementor-section-height-default elementor-section-items-middle elementor-invisible\" data-id=\"b04ffb6\" data-element_type=\"section\" data-settings=\"{&quot;animation&quot;:&quot;fadeIn&quot;}\">\n\t\t\t\t\t\t\t<div class=\"elementor-background-overlay\"><\/div>\n\t\t\t\t\t\t\t<div class=\"elementor-container elementor-column-gap-default\">\n\t\t\t\t\t<div class=\"elementor-column elementor-col-50 elementor-top-column elementor-element elementor-element-47e841a5\" data-id=\"47e841a5\" data-element_type=\"column\">\n\t\t\t<div class=\"elementor-widget-wrap\">\n\t\t\t\t\t\t\t<\/div>\n\t\t<\/div>\n\t\t\t\t<div class=\"elementor-column elementor-col-50 elementor-top-column elementor-element elementor-element-659910ac\" data-id=\"659910ac\" data-element_type=\"column\">\n\t\t\t<div class=\"elementor-widget-wrap elementor-element-populated\">\n\t\t\t\t\t\t<div class=\"elementor-element elementor-element-556541ba elementor-widget elementor-widget-image\" data-id=\"556541ba\" data-element_type=\"widget\" data-widget_type=\"image.default\">\n\t\t\t\t<div class=\"elementor-widget-container\">\n\t\t\t\t\t\t\t\t\t\t\t\t\t\t\t<img fetchpriority=\"high\" decoding=\"async\" width=\"520\" height=\"267\" src=\"https:\/\/www.cirexa.com\/es\/wp-content\/uploads\/2020\/11\/logo-cirexa-blanco-min.png\" class=\"attachment-large size-large wp-image-323\" alt=\"\" srcset=\"https:\/\/www.cirexa.com\/es\/wp-content\/uploads\/2020\/11\/logo-cirexa-blanco-min.png 520w, https:\/\/www.cirexa.com\/es\/wp-content\/uploads\/2020\/11\/logo-cirexa-blanco-min-300x154.png 300w\" sizes=\"(max-width: 520px) 100vw, 520px\" \/>\t\t\t\t\t\t\t\t\t\t\t\t\t\t\t<\/div>\n\t\t\t\t<\/div>\n\t\t\t\t<div class=\"elementor-element elementor-element-18d9ac0e elementor-widget elementor-widget-heading\" data-id=\"18d9ac0e\" data-element_type=\"widget\" data-widget_type=\"heading.default\">\n\t\t\t\t<div class=\"elementor-widget-container\">\n\t\t\t\t\t<h2 class=\"elementor-heading-title elementor-size-default\"><span style=\"background-color:#852c45;padding: 0px 5px\">Ciruelas Desecadas<\/span> <\/h2>\t\t\t\t<\/div>\n\t\t\t\t<\/div>\n\t\t\t\t<div class=\"elementor-element elementor-element-3da6a56a elementor-widget elementor-widget-heading\" data-id=\"3da6a56a\" data-element_type=\"widget\" data-widget_type=\"heading.default\">\n\t\t\t\t<div class=\"elementor-widget-container\">\n\t\t\t\t\t<h2 class=\"elementor-heading-title elementor-size-default\"><span style=\"background-color:#3a6535;padding: 0px 5px\">Producto con altos estandares de calidad<\/span> <\/h2>\t\t\t\t<\/div>\n\t\t\t\t<\/div>\n\t\t\t\t\t<\/div>\n\t\t<\/div>\n\t\t\t\t\t<\/div>\n\t\t<\/section>\n\t\t\t\t<section class=\"elementor-section elementor-top-section elementor-element elementor-element-2f4861e elementor-hidden-desktop elementor-hidden-tablet elementor-section-boxed elementor-section-height-default elementor-section-height-default elementor-invisible\" data-id=\"2f4861e\" data-element_type=\"section\" data-settings=\"{&quot;animation&quot;:&quot;fadeIn&quot;}\">\n\t\t\t\t\t\t<div class=\"elementor-container elementor-column-gap-default\">\n\t\t\t\t\t<div class=\"elementor-column elementor-col-100 elementor-top-column elementor-element elementor-element-704c808\" data-id=\"704c808\" data-element_type=\"column\">\n\t\t\t<div class=\"elementor-widget-wrap elementor-element-populated\">\n\t\t\t\t\t\t<div class=\"elementor-element elementor-element-2489b0f elementor-widget elementor-widget-image\" data-id=\"2489b0f\" data-element_type=\"widget\" data-widget_type=\"image.default\">\n\t\t\t\t<div class=\"elementor-widget-container\">\n\t\t\t\t\t\t\t\t\t\t\t\t\t\t\t<img decoding=\"async\" width=\"571\" height=\"503\" src=\"https:\/\/www.cirexa.com\/es\/wp-content\/uploads\/2021\/09\/flores-ciruela-cirexa-2.jpg\" class=\"attachment-large size-large wp-image-1123\" alt=\"\" srcset=\"https:\/\/www.cirexa.com\/es\/wp-content\/uploads\/2021\/09\/flores-ciruela-cirexa-2.jpg 571w, https:\/\/www.cirexa.com\/es\/wp-content\/uploads\/2021\/09\/flores-ciruela-cirexa-2-300x264.jpg 300w\" sizes=\"(max-width: 571px) 100vw, 571px\" \/>\t\t\t\t\t\t\t\t\t\t\t\t\t\t\t<\/div>\n\t\t\t\t<\/div>\n\t\t\t\t\t<\/div>\n\t\t<\/div>\n\t\t\t\t\t<\/div>\n\t\t<\/section>\n\t\t\t\t<section class=\"elementor-section elementor-top-section elementor-element elementor-element-62bb7eb elementor-section-content-middle elementor-section-boxed elementor-section-height-default elementor-section-height-default elementor-invisible\" data-id=\"62bb7eb\" data-element_type=\"section\" data-settings=\"{&quot;animation&quot;:&quot;fadeIn&quot;}\">\n\t\t\t\t\t\t<div class=\"elementor-container elementor-column-gap-default\">\n\t\t\t\t\t<div class=\"elementor-column elementor-col-33 elementor-top-column elementor-element elementor-element-880df39 elementor-hidden-phone\" data-id=\"880df39\" data-element_type=\"column\">\n\t\t\t<div class=\"elementor-widget-wrap elementor-element-populated\">\n\t\t\t\t\t\t<div class=\"elementor-element elementor-element-6b020e1 elementor-widget elementor-widget-image\" data-id=\"6b020e1\" data-element_type=\"widget\" data-settings=\"{&quot;_animation&quot;:&quot;none&quot;}\" data-widget_type=\"image.default\">\n\t\t\t\t<div class=\"elementor-widget-container\">\n\t\t\t\t\t\t\t\t\t\t\t\t\t\t\t<img decoding=\"async\" width=\"571\" height=\"688\" src=\"https:\/\/www.cirexa.com\/es\/wp-content\/uploads\/2021\/09\/flores-ciruela-cirexa.jpg\" class=\"attachment-large size-large wp-image-1113\" alt=\"\" srcset=\"https:\/\/www.cirexa.com\/es\/wp-content\/uploads\/2021\/09\/flores-ciruela-cirexa.jpg 571w, https:\/\/www.cirexa.com\/es\/wp-content\/uploads\/2021\/09\/flores-ciruela-cirexa-249x300.jpg 249w\" sizes=\"(max-width: 571px) 100vw, 571px\" \/>\t\t\t\t\t\t\t\t\t\t\t\t\t\t\t<\/div>\n\t\t\t\t<\/div>\n\t\t\t\t\t<\/div>\n\t\t<\/div>\n\t\t\t\t<div class=\"elementor-column elementor-col-66 elementor-top-column elementor-element elementor-element-1a1971e\" data-id=\"1a1971e\" data-element_type=\"column\">\n\t\t\t<div class=\"elementor-widget-wrap elementor-element-populated\">\n\t\t\t\t\t\t<div class=\"elementor-element elementor-element-9036c4c elementor-widget elementor-widget-heading\" data-id=\"9036c4c\" data-element_type=\"widget\" data-widget_type=\"heading.default\">\n\t\t\t\t<div class=\"elementor-widget-container\">\n\t\t\t\t\t<h2 class=\"elementor-heading-title elementor-size-default\">PRODUCCI\u00d3N<\/h2>\t\t\t\t<\/div>\n\t\t\t\t<\/div>\n\t\t\t\t<div class=\"elementor-element elementor-element-37a0a59 elementor-widget elementor-widget-text-editor\" data-id=\"37a0a59\" data-element_type=\"widget\" data-widget_type=\"text-editor.default\">\n\t\t\t\t<div class=\"elementor-widget-container\">\n\t\t\t\t\t\t\t\t\t<p>La labor en la tierra es una tarea que demanda tiempo y dedicaci\u00f3n durante todo el a\u00f1o. En el mes de Septiembre comienza la floraci\u00f3n de las ciruelas, cubriendo a los huertos con un fragante manto blanco. En esta etapa se inicia la irrigaci\u00f3n y fertilizaci\u00f3n de los cultivos para lograr el desarrollo de frutos de calidad.<\/p>\t\t\t\t\t\t\t\t<\/div>\n\t\t\t\t<\/div>\n\t\t\t\t<div class=\"elementor-element elementor-element-0779033 elementor-widget elementor-widget-heading\" data-id=\"0779033\" data-element_type=\"widget\" data-widget_type=\"heading.default\">\n\t\t\t\t<div class=\"elementor-widget-container\">\n\t\t\t\t\t<h2 class=\"elementor-heading-title elementor-size-default\">COSECHA<\/h2>\t\t\t\t<\/div>\n\t\t\t\t<\/div>\n\t\t\t\t<div class=\"elementor-element elementor-element-c1b56f8 elementor-widget elementor-widget-text-editor\" data-id=\"c1b56f8\" data-element_type=\"widget\" data-widget_type=\"text-editor.default\">\n\t\t\t\t<div class=\"elementor-widget-container\">\n\t\t\t\t\t\t\t\t\t<p>A mediados del mes de Febrero cuando el contenido de az\u00facar y su firmeza lo determinan comienza la cosecha de los cultivos, tarea que implica alrededor de 25 d\u00edas.<\/p>\t\t\t\t\t\t\t\t<\/div>\n\t\t\t\t<\/div>\n\t\t\t\t<div class=\"elementor-element elementor-element-dcd50dd elementor-widget elementor-widget-heading\" data-id=\"dcd50dd\" data-element_type=\"widget\" data-widget_type=\"heading.default\">\n\t\t\t\t<div class=\"elementor-widget-container\">\n\t\t\t\t\t<h2 class=\"elementor-heading-title elementor-size-default\">Calendario de Cosecha<\/h2>\t\t\t\t<\/div>\n\t\t\t\t<\/div>\n\t\t\t\t<div class=\"elementor-element elementor-element-bb48e77 elementor-widget elementor-widget-text-editor\" data-id=\"bb48e77\" data-element_type=\"widget\" data-widget_type=\"text-editor.default\">\n\t\t\t\t<div class=\"elementor-widget-container\">\n\t\t\t\t\t\t\t\t\t<p>Floraci\u00f3n: Septiembre<\/p><p>Mes: Febrero<\/p><p>D\u00edas: Entre 25 y 30 aproximadamente.<\/p>\t\t\t\t\t\t\t\t<\/div>\n\t\t\t\t<\/div>\n\t\t\t\t\t<\/div>\n\t\t<\/div>\n\t\t\t\t\t<\/div>\n\t\t<\/section>\n\t\t\t\t<section class=\"elementor-section elementor-top-section elementor-element elementor-element-6ccad14 elementor-section-full_width elementor-section-height-default elementor-section-height-default elementor-invisible\" data-id=\"6ccad14\" data-element_type=\"section\" data-settings=\"{&quot;animation&quot;:&quot;fadeInRight&quot;}\">\n\t\t\t\t\t\t<div class=\"elementor-container elementor-column-gap-no\">\n\t\t\t\t\t<div class=\"elementor-column elementor-col-100 elementor-top-column elementor-element elementor-element-0c7e52e\" data-id=\"0c7e52e\" data-element_type=\"column\">\n\t\t\t<div class=\"elementor-widget-wrap elementor-element-populated\">\n\t\t\t\t\t\t<div class=\"elementor-element elementor-element-d083b76 elementor-widget elementor-widget-image\" data-id=\"d083b76\" data-element_type=\"widget\" data-widget_type=\"image.default\">\n\t\t\t\t<div class=\"elementor-widget-container\">\n\t\t\t\t\t\t\t\t\t\t\t\t\t\t\t<img loading=\"lazy\" decoding=\"async\" width=\"280\" height=\"73\" src=\"https:\/\/www.cirexa.com\/es\/wp-content\/uploads\/2020\/11\/lineas-verdes.png\" class=\"attachment-large size-large wp-image-555\" alt=\"\" \/>\t\t\t\t\t\t\t\t\t\t\t\t\t\t\t<\/div>\n\t\t\t\t<\/div>\n\t\t\t\t\t<\/div>\n\t\t<\/div>\n\t\t\t\t\t<\/div>\n\t\t<\/section>\n\t\t\t\t<section class=\"elementor-section elementor-top-section elementor-element elementor-element-f7e0866 elementor-section-content-middle elementor-hidden-desktop elementor-section-boxed elementor-section-height-default elementor-section-height-default elementor-invisible\" data-id=\"f7e0866\" data-element_type=\"section\" data-settings=\"{&quot;animation&quot;:&quot;fadeIn&quot;}\">\n\t\t\t\t\t\t<div class=\"elementor-container elementor-column-gap-default\">\n\t\t\t\t\t<div class=\"elementor-column elementor-col-50 elementor-top-column elementor-element elementor-element-8b7ec84\" data-id=\"8b7ec84\" data-element_type=\"column\">\n\t\t\t<div class=\"elementor-widget-wrap elementor-element-populated\">\n\t\t\t\t\t\t<div class=\"elementor-element elementor-element-0c7fd87 elementor-widget elementor-widget-image\" data-id=\"0c7fd87\" data-element_type=\"widget\" data-widget_type=\"image.default\">\n\t\t\t\t<div class=\"elementor-widget-container\">\n\t\t\t\t\t\t\t\t\t\t\t\t\t\t\t<img loading=\"lazy\" decoding=\"async\" width=\"536\" height=\"378\" src=\"https:\/\/www.cirexa.com\/es\/wp-content\/uploads\/2021\/09\/empresa-img-1.jpg\" class=\"attachment-large size-large wp-image-1197\" alt=\"\" srcset=\"https:\/\/www.cirexa.com\/es\/wp-content\/uploads\/2021\/09\/empresa-img-1.jpg 536w, https:\/\/www.cirexa.com\/es\/wp-content\/uploads\/2021\/09\/empresa-img-1-300x212.jpg 300w\" sizes=\"(max-width: 536px) 100vw, 536px\" \/>\t\t\t\t\t\t\t\t\t\t\t\t\t\t\t<\/div>\n\t\t\t\t<\/div>\n\t\t\t\t\t<\/div>\n\t\t<\/div>\n\t\t\t\t<div class=\"elementor-column elementor-col-50 elementor-top-column elementor-element elementor-element-5fb8006\" data-id=\"5fb8006\" data-element_type=\"column\">\n\t\t\t<div class=\"elementor-widget-wrap elementor-element-populated\">\n\t\t\t\t\t\t<div class=\"elementor-element elementor-element-b4e5aae elementor-widget elementor-widget-heading\" data-id=\"b4e5aae\" data-element_type=\"widget\" data-widget_type=\"heading.default\">\n\t\t\t\t<div class=\"elementor-widget-container\">\n\t\t\t\t\t<h2 class=\"elementor-heading-title elementor-size-default\">DESECADO<\/h2>\t\t\t\t<\/div>\n\t\t\t\t<\/div>\n\t\t\t\t<div class=\"elementor-element elementor-element-89561dc elementor-widget elementor-widget-text-editor\" data-id=\"89561dc\" data-element_type=\"widget\" data-widget_type=\"text-editor.default\">\n\t\t\t\t<div class=\"elementor-widget-container\">\n\t\t\t\t\t\t\t\t\t<p>Contamos con hornos deshidratadores automatizados, d\u00f3nde la fruta una vez lavada es desecada con operaciones controladas de temperatura e higiene para obtener una ciruela pasa uniforme.<\/p><p>Una vez desecadas y reducida su humedad a 20% o 21%, se almacenan en condiciones naturales hasta su empaque.<\/p>\t\t\t\t\t\t\t\t<\/div>\n\t\t\t\t<\/div>\n\t\t\t\t\t<\/div>\n\t\t<\/div>\n\t\t\t\t\t<\/div>\n\t\t<\/section>\n\t\t\t\t<section class=\"elementor-section elementor-top-section elementor-element elementor-element-5543610c elementor-section-content-middle elementor-hidden-tablet elementor-hidden-mobile elementor-section-boxed elementor-section-height-default elementor-section-height-default elementor-invisible\" data-id=\"5543610c\" data-element_type=\"section\" data-settings=\"{&quot;animation&quot;:&quot;fadeIn&quot;}\">\n\t\t\t\t\t\t<div class=\"elementor-container elementor-column-gap-default\">\n\t\t\t\t\t<div class=\"elementor-column elementor-col-50 elementor-top-column elementor-element elementor-element-3b1feb60\" data-id=\"3b1feb60\" data-element_type=\"column\">\n\t\t\t<div class=\"elementor-widget-wrap elementor-element-populated\">\n\t\t\t\t\t\t<div class=\"elementor-element elementor-element-6ffcfcd elementor-widget elementor-widget-heading\" data-id=\"6ffcfcd\" data-element_type=\"widget\" data-widget_type=\"heading.default\">\n\t\t\t\t<div class=\"elementor-widget-container\">\n\t\t\t\t\t<h2 class=\"elementor-heading-title elementor-size-default\">DESECADO<\/h2>\t\t\t\t<\/div>\n\t\t\t\t<\/div>\n\t\t\t\t<div class=\"elementor-element elementor-element-169e61b8 elementor-widget elementor-widget-text-editor\" data-id=\"169e61b8\" data-element_type=\"widget\" data-widget_type=\"text-editor.default\">\n\t\t\t\t<div class=\"elementor-widget-container\">\n\t\t\t\t\t\t\t\t\t<p>Contamos con hornos deshidratadores automatizados, d\u00f3nde la fruta una vez lavada es desecada con operaciones controladas de temperatura e higiene para obtener una ciruela pasa uniforme.<\/p><p>Una vez desecadas y reducida su humedad a 20% o 21%, se almacenan en condiciones naturales hasta su empaque.<\/p>\t\t\t\t\t\t\t\t<\/div>\n\t\t\t\t<\/div>\n\t\t\t\t\t<\/div>\n\t\t<\/div>\n\t\t\t\t<div class=\"elementor-column elementor-col-50 elementor-top-column elementor-element elementor-element-325d0613\" data-id=\"325d0613\" data-element_type=\"column\">\n\t\t\t<div class=\"elementor-widget-wrap elementor-element-populated\">\n\t\t\t\t\t\t<div class=\"elementor-element elementor-element-56a1b206 elementor-widget elementor-widget-image\" data-id=\"56a1b206\" data-element_type=\"widget\" data-widget_type=\"image.default\">\n\t\t\t\t<div class=\"elementor-widget-container\">\n\t\t\t\t\t\t\t\t\t\t\t\t\t\t\t<img loading=\"lazy\" decoding=\"async\" width=\"536\" height=\"378\" src=\"https:\/\/www.cirexa.com\/es\/wp-content\/uploads\/2021\/09\/empresa-img-1.jpg\" class=\"attachment-large size-large wp-image-1197\" alt=\"\" srcset=\"https:\/\/www.cirexa.com\/es\/wp-content\/uploads\/2021\/09\/empresa-img-1.jpg 536w, https:\/\/www.cirexa.com\/es\/wp-content\/uploads\/2021\/09\/empresa-img-1-300x212.jpg 300w\" sizes=\"(max-width: 536px) 100vw, 536px\" \/>\t\t\t\t\t\t\t\t\t\t\t\t\t\t\t<\/div>\n\t\t\t\t<\/div>\n\t\t\t\t\t<\/div>\n\t\t<\/div>\n\t\t\t\t\t<\/div>\n\t\t<\/section>\n\t\t\t\t<section class=\"elementor-section elementor-top-section elementor-element elementor-element-8d2bff0 elementor-section-full_width elementor-section-height-default elementor-section-height-default elementor-invisible\" data-id=\"8d2bff0\" data-element_type=\"section\" data-settings=\"{&quot;animation&quot;:&quot;fadeInLeft&quot;}\">\n\t\t\t\t\t\t<div class=\"elementor-container elementor-column-gap-no\">\n\t\t\t\t\t<div class=\"elementor-column elementor-col-100 elementor-top-column elementor-element elementor-element-851deb6\" data-id=\"851deb6\" data-element_type=\"column\">\n\t\t\t<div class=\"elementor-widget-wrap elementor-element-populated\">\n\t\t\t\t\t\t<div class=\"elementor-element elementor-element-0d8fc40 elementor-widget elementor-widget-image\" data-id=\"0d8fc40\" data-element_type=\"widget\" data-widget_type=\"image.default\">\n\t\t\t\t<div class=\"elementor-widget-container\">\n\t\t\t\t\t\t\t\t\t\t\t\t\t\t\t<img loading=\"lazy\" decoding=\"async\" width=\"800\" height=\"63\" src=\"https:\/\/www.cirexa.com\/es\/wp-content\/uploads\/2020\/11\/lineas-violetas-1024x80.png\" class=\"attachment-large size-large wp-image-563\" alt=\"\" srcset=\"https:\/\/www.cirexa.com\/es\/wp-content\/uploads\/2020\/11\/lineas-violetas-1024x80.png 1024w, https:\/\/www.cirexa.com\/es\/wp-content\/uploads\/2020\/11\/lineas-violetas-300x23.png 300w, https:\/\/www.cirexa.com\/es\/wp-content\/uploads\/2020\/11\/lineas-violetas-768x60.png 768w, https:\/\/www.cirexa.com\/es\/wp-content\/uploads\/2020\/11\/lineas-violetas.png 1043w\" sizes=\"(max-width: 800px) 100vw, 800px\" \/>\t\t\t\t\t\t\t\t\t\t\t\t\t\t\t<\/div>\n\t\t\t\t<\/div>\n\t\t\t\t\t<\/div>\n\t\t<\/div>\n\t\t\t\t\t<\/div>\n\t\t<\/section>\n\t\t\t\t<section class=\"elementor-section elementor-top-section elementor-element elementor-element-3feb976 elementor-section-content-middle elementor-section-boxed elementor-section-height-default elementor-section-height-default elementor-invisible\" data-id=\"3feb976\" data-element_type=\"section\" data-settings=\"{&quot;animation&quot;:&quot;fadeIn&quot;}\">\n\t\t\t\t\t\t<div class=\"elementor-container elementor-column-gap-default\">\n\t\t\t\t\t<div class=\"elementor-column elementor-col-50 elementor-top-column elementor-element elementor-element-6b262bd\" data-id=\"6b262bd\" data-element_type=\"column\">\n\t\t\t<div class=\"elementor-widget-wrap elementor-element-populated\">\n\t\t\t\t\t\t<div class=\"elementor-element elementor-element-c463fbd elementor-widget elementor-widget-image\" data-id=\"c463fbd\" data-element_type=\"widget\" data-widget_type=\"image.default\">\n\t\t\t\t<div class=\"elementor-widget-container\">\n\t\t\t\t\t\t\t\t\t\t\t\t\t\t\t<img loading=\"lazy\" decoding=\"async\" width=\"768\" height=\"478\" src=\"https:\/\/www.cirexa.com\/es\/wp-content\/uploads\/2021\/09\/caja-ciruelas-cirexa-min.png\" class=\"attachment-large size-large wp-image-1158\" alt=\"\" srcset=\"https:\/\/www.cirexa.com\/es\/wp-content\/uploads\/2021\/09\/caja-ciruelas-cirexa-min.png 768w, https:\/\/www.cirexa.com\/es\/wp-content\/uploads\/2021\/09\/caja-ciruelas-cirexa-min-300x187.png 300w\" sizes=\"(max-width: 768px) 100vw, 768px\" \/>\t\t\t\t\t\t\t\t\t\t\t\t\t\t\t<\/div>\n\t\t\t\t<\/div>\n\t\t\t\t<div class=\"elementor-element elementor-element-47db2e0 elementor-widget elementor-widget-heading\" data-id=\"47db2e0\" data-element_type=\"widget\" data-widget_type=\"heading.default\">\n\t\t\t\t<div class=\"elementor-widget-container\">\n\t\t\t\t\t<h2 class=\"elementor-heading-title elementor-size-default\">CIRUELAS<\/h2>\t\t\t\t<\/div>\n\t\t\t\t<\/div>\n\t\t\t\t<div class=\"elementor-element elementor-element-75be153 elementor-widget elementor-widget-heading\" data-id=\"75be153\" data-element_type=\"widget\" data-widget_type=\"heading.default\">\n\t\t\t\t<div class=\"elementor-widget-container\">\n\t\t\t\t\t<h2 class=\"elementor-heading-title elementor-size-default\">del Sur de  Mza.<\/h2>\t\t\t\t<\/div>\n\t\t\t\t<\/div>\n\t\t\t\t\t<\/div>\n\t\t<\/div>\n\t\t\t\t<div class=\"elementor-column elementor-col-50 elementor-top-column elementor-element elementor-element-7515524\" data-id=\"7515524\" data-element_type=\"column\">\n\t\t\t<div class=\"elementor-widget-wrap elementor-element-populated\">\n\t\t\t\t\t\t<div class=\"elementor-element elementor-element-608edcf elementor-widget elementor-widget-heading\" data-id=\"608edcf\" data-element_type=\"widget\" data-widget_type=\"heading.default\">\n\t\t\t\t<div class=\"elementor-widget-container\">\n\t\t\t\t\t<h2 class=\"elementor-heading-title elementor-size-default\">EMPAQUE<\/h2>\t\t\t\t<\/div>\n\t\t\t\t<\/div>\n\t\t\t\t<div class=\"elementor-element elementor-element-db125df elementor-widget elementor-widget-text-editor\" data-id=\"db125df\" data-element_type=\"widget\" data-widget_type=\"text-editor.default\">\n\t\t\t\t<div class=\"elementor-widget-container\">\n\t\t\t\t\t\t\t\t\t<p>Comienza con la inspecci\u00f3n de los frutos, selecci\u00f3n por tama\u00f1o con selectora \u00f3ptica, detector de metales y lavado con agua debidamente tratada. Esto nos permite respetar las normas de calidad y certificar HACCP. Luego son hidratados con vapor y descarozados autom\u00e1ticamente por descarozadoras de \u00faltima generaci\u00f3n.<\/p>\t\t\t\t\t\t\t\t<\/div>\n\t\t\t\t<\/div>\n\t\t\t\t<div class=\"elementor-element elementor-element-012d60b elementor-widget elementor-widget-heading\" data-id=\"012d60b\" data-element_type=\"widget\" data-widget_type=\"heading.default\">\n\t\t\t\t<div class=\"elementor-widget-container\">\n\t\t\t\t\t<h2 class=\"elementor-heading-title elementor-size-default\">Packing:<\/h2>\t\t\t\t<\/div>\n\t\t\t\t<\/div>\n\t\t\t\t<div class=\"elementor-element elementor-element-cfc9b54 elementor-widget elementor-widget-text-editor\" data-id=\"cfc9b54\" data-element_type=\"widget\" data-widget_type=\"text-editor.default\">\n\t\t\t\t<div class=\"elementor-widget-container\">\n\t\t\t\t\t\t\t\t\t<p>-Caja 10 Kilogramos para Ciruelas Tiernizadas con carozo y sin carozo. -Bolsa 50 Kilogramos para Ciruela Seca en estado natural. El \u00fanico conservante empleado para evitar da\u00f1os causados por hongos y levaduras es el sorbato de potasio.<\/p>\t\t\t\t\t\t\t\t<\/div>\n\t\t\t\t<\/div>\n\t\t\t\t\t<\/div>\n\t\t<\/div>\n\t\t\t\t\t<\/div>\n\t\t<\/section>\n\t\t\t\t<section class=\"elementor-section elementor-top-section elementor-element elementor-element-42b42691 elementor-section-full_width elementor-section-height-default elementor-section-height-default elementor-invisible\" data-id=\"42b42691\" data-element_type=\"section\" data-settings=\"{&quot;background_background&quot;:&quot;classic&quot;,&quot;animation&quot;:&quot;fadeIn&quot;}\">\n\t\t\t\t\t\t<div class=\"elementor-container elementor-column-gap-default\">\n\t\t\t\t\t<div class=\"elementor-column elementor-col-100 elementor-top-column elementor-element elementor-element-7f3af081\" data-id=\"7f3af081\" data-element_type=\"column\">\n\t\t\t<div class=\"elementor-widget-wrap elementor-element-populated\">\n\t\t\t\t\t\t<div class=\"elementor-element elementor-element-16376fdf elementor-widget elementor-widget-image\" data-id=\"16376fdf\" data-element_type=\"widget\" data-widget_type=\"image.default\">\n\t\t\t\t<div class=\"elementor-widget-container\">\n\t\t\t\t\t\t\t\t\t\t\t\t\t\t\t<img loading=\"lazy\" decoding=\"async\" width=\"177\" height=\"89\" src=\"https:\/\/www.cirexa.com\/es\/wp-content\/uploads\/2020\/11\/logo-cirexa-info-min.png\" class=\"attachment-large size-large wp-image-311\" alt=\"\" \/>\t\t\t\t\t\t\t\t\t\t\t\t\t\t\t<\/div>\n\t\t\t\t<\/div>\n\t\t\t\t<div class=\"elementor-element elementor-element-66868c01 elementor-widget elementor-widget-heading\" data-id=\"66868c01\" data-element_type=\"widget\" data-widget_type=\"heading.default\">\n\t\t\t\t<div class=\"elementor-widget-container\">\n\t\t\t\t\t<span class=\"elementor-heading-title elementor-size-default\">Ciruelas Desecadas del Sur de Mendoza<\/span>\t\t\t\t<\/div>\n\t\t\t\t<\/div>\n\t\t\t\t<div class=\"elementor-element elementor-element-cc75143 elementor-widget elementor-widget-heading\" data-id=\"cc75143\" data-element_type=\"widget\" data-widget_type=\"heading.default\">\n\t\t\t\t<div class=\"elementor-widget-container\">\n\t\t\t\t\t<span class=\"elementor-heading-title elementor-size-default\">+54 2625 426205  |  info@cirexa.com.ar<\/span>\t\t\t\t<\/div>\n\t\t\t\t<\/div>\n\t\t\t\t\t<\/div>\n\t\t<\/div>\n\t\t\t\t\t<\/div>\n\t\t<\/section>\n\t\t\t\t<\/div>\n\t\t","protected":false},"excerpt":{"rendered":"<p>Ciruelas Desecadas Producto con altos estandares de calidad PRODUCCI\u00d3N La labor en la tierra es una tarea que demanda tiempo y dedicaci\u00f3n durante todo el a\u00f1o. En el mes de Septiembre comienza la floraci\u00f3n de las ciruelas, cubriendo a los huertos con un fragante manto blanco. En esta etapa se inicia la irrigaci\u00f3n y fertilizaci\u00f3n [&hellip;]<\/p>\n","protected":false},"author":1,"featured_media":0,"parent":0,"menu_order":0,"comment_status":"closed","ping_status":"closed","template":"","meta":{"footnotes":""},"class_list":["post-152","page","type-page","status-publish","hentry"],"_links":{"self":[{"href":"https:\/\/www.cirexa.com\/es\/wp-json\/wp\/v2\/pages\/152","targetHints":{"allow":["GET"]}}],"collection":[{"href":"https:\/\/www.cirexa.com\/es\/wp-json\/wp\/v2\/pages"}],"about":[{"href":"https:\/\/www.cirexa.com\/es\/wp-json\/wp\/v2\/types\/page"}],"author":[{"embeddable":true,"href":"https:\/\/www.cirexa.com\/es\/wp-json\/wp\/v2\/users\/1"}],"replies":[{"embeddable":true,"href":"https:\/\/www.cirexa.com\/es\/wp-json\/wp\/v2\/comments?post=152"}],"version-history":[{"count":133,"href":"https:\/\/www.cirexa.com\/es\/wp-json\/wp\/v2\/pages\/152\/revisions"}],"predecessor-version":[{"id":1203,"href":"https:\/\/www.cirexa.com\/es\/wp-json\/wp\/v2\/pages\/152\/revisions\/1203"}],"wp:attachment":[{"href":"https:\/\/www.cirexa.com\/es\/wp-json\/wp\/v2\/media?parent=152"}],"curies":[{"name":"wp","href":"https:\/\/api.w.org\/{rel}","templated":true}]}}