{"id":148,"date":"2020-11-24T20:45:29","date_gmt":"2020-11-24T20:45:29","guid":{"rendered":"https:\/\/www.cirexa.com\/es\/?page_id=148"},"modified":"2021-09-24T20:23:42","modified_gmt":"2021-09-24T20:23:42","slug":"empresa","status":"publish","type":"page","link":"https:\/\/www.cirexa.com\/es\/empresa\/","title":{"rendered":"Empresa"},"content":{"rendered":"\t\t<div data-elementor-type=\"wp-page\" data-elementor-id=\"148\" class=\"elementor elementor-148\" data-elementor-post-type=\"page\">\n\t\t\t\t\t\t<section class=\"elementor-section elementor-top-section elementor-element elementor-element-bbf8315 elementor-section-height-min-height elementor-section-boxed elementor-section-height-default elementor-section-items-middle elementor-invisible\" data-id=\"bbf8315\" data-element_type=\"section\" data-settings=\"{&quot;animation&quot;:&quot;fadeIn&quot;}\">\n\t\t\t\t\t\t\t<div class=\"elementor-background-overlay\"><\/div>\n\t\t\t\t\t\t\t<div class=\"elementor-container elementor-column-gap-default\">\n\t\t\t\t\t<div class=\"elementor-column elementor-col-50 elementor-top-column elementor-element elementor-element-3e19588\" data-id=\"3e19588\" data-element_type=\"column\">\n\t\t\t<div class=\"elementor-widget-wrap\">\n\t\t\t\t\t\t\t<\/div>\n\t\t<\/div>\n\t\t\t\t<div class=\"elementor-column elementor-col-50 elementor-top-column elementor-element elementor-element-f8c770f\" data-id=\"f8c770f\" data-element_type=\"column\">\n\t\t\t<div class=\"elementor-widget-wrap elementor-element-populated\">\n\t\t\t\t\t\t<div class=\"elementor-element elementor-element-c3e6292 elementor-widget elementor-widget-image\" data-id=\"c3e6292\" data-element_type=\"widget\" data-widget_type=\"image.default\">\n\t\t\t\t<div class=\"elementor-widget-container\">\n\t\t\t\t\t\t\t\t\t\t\t\t\t\t\t<img fetchpriority=\"high\" decoding=\"async\" width=\"520\" height=\"267\" src=\"https:\/\/www.cirexa.com\/es\/wp-content\/uploads\/2020\/11\/logo-cirexa-blanco-min.png\" class=\"attachment-large size-large wp-image-323\" alt=\"\" srcset=\"https:\/\/www.cirexa.com\/es\/wp-content\/uploads\/2020\/11\/logo-cirexa-blanco-min.png 520w, https:\/\/www.cirexa.com\/es\/wp-content\/uploads\/2020\/11\/logo-cirexa-blanco-min-300x154.png 300w\" sizes=\"(max-width: 520px) 100vw, 520px\" \/>\t\t\t\t\t\t\t\t\t\t\t\t\t\t\t<\/div>\n\t\t\t\t<\/div>\n\t\t\t\t<div class=\"elementor-element elementor-element-75885fc elementor-widget elementor-widget-heading\" data-id=\"75885fc\" data-element_type=\"widget\" data-widget_type=\"heading.default\">\n\t\t\t\t<div class=\"elementor-widget-container\">\n\t\t\t\t\t<h2 class=\"elementor-heading-title elementor-size-default\"><span style=\"background-color:#852c45;padding: 0px 5px\">Ciruelas Desecadas<\/span> <\/h2>\t\t\t\t<\/div>\n\t\t\t\t<\/div>\n\t\t\t\t<div class=\"elementor-element elementor-element-1768a94 elementor-widget elementor-widget-heading\" data-id=\"1768a94\" data-element_type=\"widget\" data-widget_type=\"heading.default\">\n\t\t\t\t<div class=\"elementor-widget-container\">\n\t\t\t\t\t<h2 class=\"elementor-heading-title elementor-size-default\"><span style=\"background-color:#3a6535;padding: 0px 5px\">del Sur de Mendoza, Argentina.<\/span> <\/h2>\t\t\t\t<\/div>\n\t\t\t\t<\/div>\n\t\t\t\t\t<\/div>\n\t\t<\/div>\n\t\t\t\t\t<\/div>\n\t\t<\/section>\n\t\t\t\t<section class=\"elementor-section elementor-top-section elementor-element elementor-element-48afbf4 elementor-section-content-middle elementor-section-boxed elementor-section-height-default elementor-section-height-default elementor-invisible\" data-id=\"48afbf4\" data-element_type=\"section\" data-settings=\"{&quot;animation&quot;:&quot;fadeIn&quot;}\">\n\t\t\t\t\t\t<div class=\"elementor-container elementor-column-gap-default\">\n\t\t\t\t\t<div class=\"elementor-column elementor-col-50 elementor-top-column elementor-element elementor-element-03811e7\" data-id=\"03811e7\" data-element_type=\"column\">\n\t\t\t<div class=\"elementor-widget-wrap elementor-element-populated\">\n\t\t\t\t\t\t<div class=\"elementor-element elementor-element-e7e4a8b elementor-widget elementor-widget-heading\" data-id=\"e7e4a8b\" data-element_type=\"widget\" data-widget_type=\"heading.default\">\n\t\t\t\t<div class=\"elementor-widget-container\">\n\t\t\t\t\t<h2 class=\"elementor-heading-title elementor-size-default\">CIREXA | Productores Asociados<\/h2>\t\t\t\t<\/div>\n\t\t\t\t<\/div>\n\t\t\t\t<div class=\"elementor-element elementor-element-68919fd elementor-widget elementor-widget-text-editor\" data-id=\"68919fd\" data-element_type=\"widget\" data-widget_type=\"text-editor.default\">\n\t\t\t\t<div class=\"elementor-widget-container\">\n\t\t\t\t\t\t\t\t\t<p>CIREXA SA es una sociedad fundada por productores, se encuentra en el valle sur del r\u00edo Atuel, General Alvear, Mendoza, Argentina. Su privilegiada ubicaci\u00f3n geogr\u00e1fica, un clima apto para el cultivo y las buenas pr\u00e1cticas agr\u00edcolas, le posibilitan producir las ciruelas tipo D\u2019Agen de una manera completamente natural alcanzando altos est\u00e1ndares que demandan los mercados m\u00e1s exigentes.<\/p>\n<p>Nuestros cultivos son irrigados por las aguas del R\u00edo Atuel, provenientes de deshielos de la Cordillera de los Andes. Los intensos fr\u00edos del invierno, veranos calurosos y secos, \u00f3ptimas condiciones de humedad y una tierra f\u00e9rtil, facilitan la elaboraci\u00f3n de un producto noble, natural y saludable, con propiedades nutricionales y anti cancer\u00edgenas: una fuente natural de salud.<\/p>\n<p>Las plantaciones de nuestros productores cuentan con tela anti granizo, riego por goteo, defensa de heladas por microaspersi\u00f3n, cosecha mec\u00e1nica, entre otras tecnolog\u00edas de punta, lo que nos brinda la posibilidad de maximizar la producci\u00f3n y alcanzar los est\u00e1ndares de calidad necesarios.<\/p>\t\t\t\t\t\t\t\t<\/div>\n\t\t\t\t<\/div>\n\t\t\t\t\t<\/div>\n\t\t<\/div>\n\t\t\t\t<div class=\"elementor-column elementor-col-50 elementor-top-column elementor-element elementor-element-bac257e\" data-id=\"bac257e\" data-element_type=\"column\">\n\t\t\t<div class=\"elementor-widget-wrap elementor-element-populated\">\n\t\t\t\t\t\t<div class=\"elementor-element elementor-element-5f8ca75 elementor-widget elementor-widget-image\" data-id=\"5f8ca75\" data-element_type=\"widget\" data-widget_type=\"image.default\">\n\t\t\t\t<div class=\"elementor-widget-container\">\n\t\t\t\t\t\t\t\t\t\t\t\t\t\t\t<img decoding=\"async\" width=\"536\" height=\"530\" src=\"https:\/\/www.cirexa.com\/es\/wp-content\/uploads\/2021\/09\/empresa-img.jpg\" class=\"attachment-large size-large wp-image-1112\" alt=\"\" srcset=\"https:\/\/www.cirexa.com\/es\/wp-content\/uploads\/2021\/09\/empresa-img.jpg 536w, https:\/\/www.cirexa.com\/es\/wp-content\/uploads\/2021\/09\/empresa-img-300x297.jpg 300w\" sizes=\"(max-width: 536px) 100vw, 536px\" \/>\t\t\t\t\t\t\t\t\t\t\t\t\t\t\t<\/div>\n\t\t\t\t<\/div>\n\t\t\t\t\t<\/div>\n\t\t<\/div>\n\t\t\t\t\t<\/div>\n\t\t<\/section>\n\t\t\t\t<section class=\"elementor-section elementor-top-section elementor-element elementor-element-a4cf7f2 elementor-section-boxed elementor-section-height-default elementor-section-height-default elementor-invisible\" data-id=\"a4cf7f2\" data-element_type=\"section\" data-settings=\"{&quot;animation&quot;:&quot;fadeInUp&quot;}\">\n\t\t\t\t\t\t<div class=\"elementor-container elementor-column-gap-default\">\n\t\t\t\t\t<div class=\"elementor-column elementor-col-100 elementor-top-column elementor-element elementor-element-bf2261c\" data-id=\"bf2261c\" data-element_type=\"column\">\n\t\t\t<div class=\"elementor-widget-wrap elementor-element-populated\">\n\t\t\t\t\t\t<div class=\"elementor-element elementor-element-615f82f elementor-widget elementor-widget-heading\" data-id=\"615f82f\" data-element_type=\"widget\" data-widget_type=\"heading.default\">\n\t\t\t\t<div class=\"elementor-widget-container\">\n\t\t\t\t\t<h2 class=\"elementor-heading-title elementor-size-default\">\u201cNuestro objetivo <span style=\"font-weight:300\">es proveer a los consumidores<\/span><br>\nproductos saludables y naturales.\u201d<\/h2>\t\t\t\t<\/div>\n\t\t\t\t<\/div>\n\t\t\t\t\t<\/div>\n\t\t<\/div>\n\t\t\t\t\t<\/div>\n\t\t<\/section>\n\t\t\t\t<section class=\"elementor-section elementor-top-section elementor-element elementor-element-c8dba4e elementor-section-full_width elementor-section-height-default elementor-section-height-default elementor-invisible\" data-id=\"c8dba4e\" data-element_type=\"section\" data-settings=\"{&quot;animation&quot;:&quot;fadeIn&quot;}\">\n\t\t\t\t\t\t<div class=\"elementor-container elementor-column-gap-no\">\n\t\t\t\t\t<div class=\"elementor-column elementor-col-100 elementor-top-column elementor-element elementor-element-d627cdf\" data-id=\"d627cdf\" data-element_type=\"column\">\n\t\t\t<div class=\"elementor-widget-wrap elementor-element-populated\">\n\t\t\t\t\t\t<div class=\"elementor-element elementor-element-de6ff58 elementor-widget elementor-widget-image\" data-id=\"de6ff58\" data-element_type=\"widget\" data-widget_type=\"image.default\">\n\t\t\t\t<div class=\"elementor-widget-container\">\n\t\t\t\t\t\t\t\t\t\t\t\t\t\t\t<img decoding=\"async\" width=\"1920\" height=\"229\" src=\"https:\/\/www.cirexa.com\/es\/wp-content\/uploads\/2020\/11\/empresa-linea-min.jpg\" class=\"attachment-full size-full wp-image-347\" alt=\"\" srcset=\"https:\/\/www.cirexa.com\/es\/wp-content\/uploads\/2020\/11\/empresa-linea-min.jpg 1920w, https:\/\/www.cirexa.com\/es\/wp-content\/uploads\/2020\/11\/empresa-linea-min-300x36.jpg 300w, https:\/\/www.cirexa.com\/es\/wp-content\/uploads\/2020\/11\/empresa-linea-min-1024x122.jpg 1024w, https:\/\/www.cirexa.com\/es\/wp-content\/uploads\/2020\/11\/empresa-linea-min-768x92.jpg 768w, https:\/\/www.cirexa.com\/es\/wp-content\/uploads\/2020\/11\/empresa-linea-min-1536x183.jpg 1536w\" sizes=\"(max-width: 1920px) 100vw, 1920px\" \/>\t\t\t\t\t\t\t\t\t\t\t\t\t\t\t<\/div>\n\t\t\t\t<\/div>\n\t\t\t\t\t<\/div>\n\t\t<\/div>\n\t\t\t\t\t<\/div>\n\t\t<\/section>\n\t\t\t\t<section class=\"elementor-section elementor-top-section elementor-element elementor-element-7144b24 elementor-section-boxed elementor-section-height-default elementor-section-height-default elementor-invisible\" data-id=\"7144b24\" data-element_type=\"section\" data-settings=\"{&quot;background_background&quot;:&quot;classic&quot;,&quot;animation&quot;:&quot;fadeIn&quot;}\">\n\t\t\t\t\t\t\t<div class=\"elementor-background-overlay\"><\/div>\n\t\t\t\t\t\t\t<div class=\"elementor-container elementor-column-gap-default\">\n\t\t\t\t\t<div class=\"elementor-column elementor-col-33 elementor-top-column elementor-element elementor-element-d3b3e01\" data-id=\"d3b3e01\" data-element_type=\"column\">\n\t\t\t<div class=\"elementor-widget-wrap elementor-element-populated\">\n\t\t\t\t\t\t<div class=\"elementor-element elementor-element-bdedb93 elementor-widget elementor-widget-heading\" data-id=\"bdedb93\" data-element_type=\"widget\" data-widget_type=\"heading.default\">\n\t\t\t\t<div class=\"elementor-widget-container\">\n\t\t\t\t\t<h2 class=\"elementor-heading-title elementor-size-default\"><span style=\"background-color:#852c45;padding: 5px 5px\">VISI\u00d3N<\/span><\/h2>\t\t\t\t<\/div>\n\t\t\t\t<\/div>\n\t\t\t\t<div class=\"elementor-element elementor-element-ef02e11 elementor-widget elementor-widget-text-editor\" data-id=\"ef02e11\" data-element_type=\"widget\" data-widget_type=\"text-editor.default\">\n\t\t\t\t<div class=\"elementor-widget-container\">\n\t\t\t\t\t\t\t\t\t<p>Ser una empresa l\u00edder y referente a nivel regional en la exportaci\u00f3n de frutas desecadas.<\/p>\t\t\t\t\t\t\t\t<\/div>\n\t\t\t\t<\/div>\n\t\t\t\t\t<\/div>\n\t\t<\/div>\n\t\t\t\t<div class=\"elementor-column elementor-col-33 elementor-top-column elementor-element elementor-element-bbef859\" data-id=\"bbef859\" data-element_type=\"column\">\n\t\t\t<div class=\"elementor-widget-wrap elementor-element-populated\">\n\t\t\t\t\t\t<div class=\"elementor-element elementor-element-c8dc086 elementor-widget elementor-widget-heading\" data-id=\"c8dc086\" data-element_type=\"widget\" data-widget_type=\"heading.default\">\n\t\t\t\t<div class=\"elementor-widget-container\">\n\t\t\t\t\t<h2 class=\"elementor-heading-title elementor-size-default\"><span style=\"background-color:#852c45;padding: 5px 5px\">MISI\u00d3N<\/span><\/h2>\t\t\t\t<\/div>\n\t\t\t\t<\/div>\n\t\t\t\t<div class=\"elementor-element elementor-element-f49a5f4 elementor-widget elementor-widget-text-editor\" data-id=\"f49a5f4\" data-element_type=\"widget\" data-widget_type=\"text-editor.default\">\n\t\t\t\t<div class=\"elementor-widget-container\">\n\t\t\t\t\t\t\t\t\t<p>Comercializar frutas desecadas para el mercado nacional e internacional. Contando con la capacidad de respuesta para las exigencias del mismo, a trav\u00e9s del establecimiento de est\u00e1ndares de calidad.<\/p>\t\t\t\t\t\t\t\t<\/div>\n\t\t\t\t<\/div>\n\t\t\t\t\t<\/div>\n\t\t<\/div>\n\t\t\t\t<div class=\"elementor-column elementor-col-33 elementor-top-column elementor-element elementor-element-ed38971\" data-id=\"ed38971\" data-element_type=\"column\">\n\t\t\t<div class=\"elementor-widget-wrap elementor-element-populated\">\n\t\t\t\t\t\t<div class=\"elementor-element elementor-element-d7ef7d7 elementor-widget elementor-widget-heading\" data-id=\"d7ef7d7\" data-element_type=\"widget\" data-widget_type=\"heading.default\">\n\t\t\t\t<div class=\"elementor-widget-container\">\n\t\t\t\t\t<h2 class=\"elementor-heading-title elementor-size-default\"><span style=\"background-color:#852c45;padding: 5px 5px\">OBJETIVOS<\/span><\/h2>\t\t\t\t<\/div>\n\t\t\t\t<\/div>\n\t\t\t\t<div class=\"elementor-element elementor-element-12708fe elementor-widget elementor-widget-text-editor\" data-id=\"12708fe\" data-element_type=\"widget\" data-widget_type=\"text-editor.default\">\n\t\t\t\t<div class=\"elementor-widget-container\">\n\t\t\t\t\t\t\t\t\t<p>Comprometerse con el desarrollo de la regi\u00f3n, brindando herramientas para un desarrollo sustentable. Ser responsables con el cuidado y preservaci\u00f3n del medio ambiente.<\/p>\t\t\t\t\t\t\t\t<\/div>\n\t\t\t\t<\/div>\n\t\t\t\t\t<\/div>\n\t\t<\/div>\n\t\t\t\t\t<\/div>\n\t\t<\/section>\n\t\t\t\t<section class=\"elementor-section elementor-top-section elementor-element elementor-element-795f577 elementor-section-boxed elementor-section-height-default elementor-section-height-default\" data-id=\"795f577\" data-element_type=\"section\" data-settings=\"{&quot;background_background&quot;:&quot;classic&quot;,&quot;animation&quot;:&quot;none&quot;}\">\n\t\t\t\t\t\t<div class=\"elementor-container elementor-column-gap-no\">\n\t\t\t\t\t<div class=\"elementor-column elementor-col-33 elementor-top-column elementor-element elementor-element-2f0912b elementor-hidden-phone\" data-id=\"2f0912b\" data-element_type=\"column\">\n\t\t\t<div class=\"elementor-widget-wrap elementor-element-populated\">\n\t\t\t\t\t\t<div class=\"elementor-element elementor-element-e049353 elementor-widget elementor-widget-image\" data-id=\"e049353\" data-element_type=\"widget\" data-widget_type=\"image.default\">\n\t\t\t\t<div class=\"elementor-widget-container\">\n\t\t\t\t\t\t\t\t\t\t\t\t\t\t\t<img loading=\"lazy\" decoding=\"async\" width=\"480\" height=\"266\" src=\"https:\/\/www.cirexa.com\/es\/wp-content\/uploads\/2021\/09\/empresa-caja-min.png\" class=\"attachment-large size-large wp-image-1148\" alt=\"\" srcset=\"https:\/\/www.cirexa.com\/es\/wp-content\/uploads\/2021\/09\/empresa-caja-min.png 480w, https:\/\/www.cirexa.com\/es\/wp-content\/uploads\/2021\/09\/empresa-caja-min-300x166.png 300w\" sizes=\"(max-width: 480px) 100vw, 480px\" \/>\t\t\t\t\t\t\t\t\t\t\t\t\t\t\t<\/div>\n\t\t\t\t<\/div>\n\t\t\t\t\t<\/div>\n\t\t<\/div>\n\t\t\t\t<div class=\"elementor-column elementor-col-33 elementor-top-column elementor-element elementor-element-8ff244c elementor-hidden-phone\" data-id=\"8ff244c\" data-element_type=\"column\">\n\t\t\t<div class=\"elementor-widget-wrap elementor-element-populated\">\n\t\t\t\t\t\t<div class=\"elementor-element elementor-element-effbbf0 fondo-verde elementor-widget__width-auto elementor-widget elementor-widget-heading\" data-id=\"effbbf0\" data-element_type=\"widget\" data-widget_type=\"heading.default\">\n\t\t\t\t<div class=\"elementor-widget-container\">\n\t\t\t\t\t<span class=\"elementor-heading-title elementor-size-default\"><span style=\"font-weight: 300\">Productos con<\/span> altos <br>\nest\u00e1ndares de calidad<\/span>\t\t\t\t<\/div>\n\t\t\t\t<\/div>\n\t\t\t\t\t<\/div>\n\t\t<\/div>\n\t\t\t\t<div class=\"elementor-column elementor-col-33 elementor-top-column elementor-element elementor-element-c8db594\" data-id=\"c8db594\" data-element_type=\"column\">\n\t\t\t<div class=\"elementor-widget-wrap elementor-element-populated\">\n\t\t\t\t\t\t<div class=\"elementor-element elementor-element-0673e1b elementor-widget elementor-widget-image\" data-id=\"0673e1b\" data-element_type=\"widget\" data-widget_type=\"image.default\">\n\t\t\t\t<div class=\"elementor-widget-container\">\n\t\t\t\t\t\t\t\t\t\t\t\t\t\t\t<img loading=\"lazy\" decoding=\"async\" width=\"734\" height=\"366\" src=\"https:\/\/www.cirexa.com\/es\/wp-content\/uploads\/2020\/11\/empresa-ciruela-min.png\" class=\"attachment-large size-large wp-image-377\" alt=\"\" srcset=\"https:\/\/www.cirexa.com\/es\/wp-content\/uploads\/2020\/11\/empresa-ciruela-min.png 734w, https:\/\/www.cirexa.com\/es\/wp-content\/uploads\/2020\/11\/empresa-ciruela-min-300x150.png 300w\" sizes=\"(max-width: 734px) 100vw, 734px\" \/>\t\t\t\t\t\t\t\t\t\t\t\t\t\t\t<\/div>\n\t\t\t\t<\/div>\n\t\t\t\t\t<\/div>\n\t\t<\/div>\n\t\t\t\t\t<\/div>\n\t\t<\/section>\n\t\t\t\t<section class=\"elementor-section elementor-top-section elementor-element elementor-element-a7a2ae3 elementor-section-full_width elementor-section-height-default elementor-section-height-default\" data-id=\"a7a2ae3\" data-element_type=\"section\" data-settings=\"{&quot;background_background&quot;:&quot;classic&quot;,&quot;animation&quot;:&quot;none&quot;}\">\n\t\t\t\t\t\t<div class=\"elementor-container elementor-column-gap-default\">\n\t\t\t\t\t<div class=\"elementor-column elementor-col-100 elementor-top-column elementor-element elementor-element-7793854a\" data-id=\"7793854a\" data-element_type=\"column\">\n\t\t\t<div class=\"elementor-widget-wrap elementor-element-populated\">\n\t\t\t\t\t\t<div class=\"elementor-element elementor-element-703bca2a elementor-widget elementor-widget-image\" data-id=\"703bca2a\" data-element_type=\"widget\" data-widget_type=\"image.default\">\n\t\t\t\t<div class=\"elementor-widget-container\">\n\t\t\t\t\t\t\t\t\t\t\t\t\t\t\t<img loading=\"lazy\" decoding=\"async\" width=\"177\" height=\"89\" src=\"https:\/\/www.cirexa.com\/es\/wp-content\/uploads\/2020\/11\/logo-cirexa-info-min.png\" class=\"attachment-large size-large wp-image-311\" alt=\"\" \/>\t\t\t\t\t\t\t\t\t\t\t\t\t\t\t<\/div>\n\t\t\t\t<\/div>\n\t\t\t\t<div class=\"elementor-element elementor-element-63981ec0 elementor-widget elementor-widget-heading\" data-id=\"63981ec0\" data-element_type=\"widget\" data-widget_type=\"heading.default\">\n\t\t\t\t<div class=\"elementor-widget-container\">\n\t\t\t\t\t<span class=\"elementor-heading-title elementor-size-default\">Ciruelas Desecadas del Sur de Mendoza<\/span>\t\t\t\t<\/div>\n\t\t\t\t<\/div>\n\t\t\t\t<div class=\"elementor-element elementor-element-58e80662 elementor-widget elementor-widget-heading\" data-id=\"58e80662\" data-element_type=\"widget\" data-widget_type=\"heading.default\">\n\t\t\t\t<div class=\"elementor-widget-container\">\n\t\t\t\t\t<span class=\"elementor-heading-title elementor-size-default\">+54 2625 426205  |  info@cirexa.com.ar<\/span>\t\t\t\t<\/div>\n\t\t\t\t<\/div>\n\t\t\t\t\t<\/div>\n\t\t<\/div>\n\t\t\t\t\t<\/div>\n\t\t<\/section>\n\t\t\t\t<\/div>\n\t\t","protected":false},"excerpt":{"rendered":"<p>Ciruelas Desecadas del Sur de Mendoza, Argentina. CIREXA | Productores Asociados CIREXA SA es una sociedad fundada por productores, se encuentra en el valle sur del r\u00edo Atuel, General Alvear, Mendoza, Argentina. Su privilegiada ubicaci\u00f3n geogr\u00e1fica, un clima apto para el cultivo y las buenas pr\u00e1cticas agr\u00edcolas, le posibilitan producir las ciruelas tipo D\u2019Agen de [&hellip;]<\/p>\n","protected":false},"author":1,"featured_media":0,"parent":0,"menu_order":0,"comment_status":"closed","ping_status":"closed","template":"","meta":{"footnotes":""},"class_list":["post-148","page","type-page","status-publish","hentry"],"_links":{"self":[{"href":"https:\/\/www.cirexa.com\/es\/wp-json\/wp\/v2\/pages\/148","targetHints":{"allow":["GET"]}}],"collection":[{"href":"https:\/\/www.cirexa.com\/es\/wp-json\/wp\/v2\/pages"}],"about":[{"href":"https:\/\/www.cirexa.com\/es\/wp-json\/wp\/v2\/types\/page"}],"author":[{"embeddable":true,"href":"https:\/\/www.cirexa.com\/es\/wp-json\/wp\/v2\/users\/1"}],"replies":[{"embeddable":true,"href":"https:\/\/www.cirexa.com\/es\/wp-json\/wp\/v2\/comments?post=148"}],"version-history":[{"count":115,"href":"https:\/\/www.cirexa.com\/es\/wp-json\/wp\/v2\/pages\/148\/revisions"}],"predecessor-version":[{"id":1154,"href":"https:\/\/www.cirexa.com\/es\/wp-json\/wp\/v2\/pages\/148\/revisions\/1154"}],"wp:attachment":[{"href":"https:\/\/www.cirexa.com\/es\/wp-json\/wp\/v2\/media?parent=148"}],"curies":[{"name":"wp","href":"https:\/\/api.w.org\/{rel}","templated":true}]}}